{"id":17,"date":"2013-10-16T22:49:01","date_gmt":"2013-10-16T20:49:01","guid":{"rendered":"http:\/\/www.theb4.fr\/frequence-soi\/?page_id=17"},"modified":"2021-02-21T21:30:50","modified_gmt":"2021-02-21T19:30:50","slug":"lecture-dame","status":"publish","type":"page","link":"https:\/\/www.theb4.fr\/frequence-soi\/lecture-dame\/","title":{"rendered":"Lecture d&rsquo;\u00e2me"},"content":{"rendered":"<h2>________________________________________________<\/h2>\n<h2><\/h2>\n<h2><span style=\"color: #800000; font-family: georgia,palatino;\"><b><i>Qu&rsquo;est-ce qu&rsquo;une <a href=\"http:\/\/www.theb4.fr\/frequence-soi\/lecture-dame\/\" class=\"autolink\">Lecture<\/a> d&rsquo;\u00e2me ?<\/i><\/b><\/span><\/h2>\n<p>&nbsp;<\/p>\n<p><b><span style=\"font-size: xx-large;\"><img loading=\"lazy\" decoding=\"async\" class=\"alignleft wp-image-1017 size-thumbnail\" src=\"http:\/\/www.theb4.fr\/frequence-soi\/wp-content\/uploads\/2018\/02\/de\u0301doublement-00-150x150.jpg\" alt=\"\" width=\"150\" height=\"150\" \/><span style=\"color: #800000;\">U<\/span><\/span><span style=\"color: #000000;\">ne<\/span> <span style=\"color: #ff6600; font-size: small;\"><i><a href=\"http:\/\/www.theb4.fr\/frequence-soi\/lecture-dame\/\" class=\"autolink\">Lecture<\/a> d&rsquo;\u00e2me<\/i><\/span> <span style=\"color: #000000;\">consiste \u00e0 d\u00e9crypter et \u00e0 mettre sous forme d&rsquo;images mentales (id\u00e9es, concepts, croyances) et de perceptions sensorielles (\u00e9motions, sensations) le double contenu du corps psychique ou <em>\u00e2me.<\/em><\/span><\/b><\/p>\n<p><span style=\"color: #000000;\">Je vous l&rsquo;accorde, pr\u00e9sent\u00e9 de la sorte, \u00e7a ne veut pas dire grand-chose, n&rsquo;est-ce pas ? Pourtant, une fois que je me serai expliqu\u00e9e en d\u00e9tail, si vous relisez la phrase ci-dessus, en gras, vous verrez qu&rsquo;elle vous para\u00eetra alors beaucoup plus simple et accessible ! On parie ? Allez, c&rsquo;est parti ! Suivez-moi bien attentivement&#8230; Pour commencer, qu&rsquo;est-ce que \u00ab\u00a0<i>l&rsquo;\u00e2me<\/i>\u00a0\u00bb ? L&rsquo;\u00e2me est un nom ancien donn\u00e9 \u00e0 ce que vous connaissez peut-\u00eatre sous le terme g\u00e9n\u00e9ral de \u00ab\u00a0<i>corps psychique<\/i>\u00ab\u00a0. Vous savez, ce quelque chose qui sort du corps lorsqu&rsquo;on se d\u00e9double (voyage astral) quand on fait une NDE (mort clinique) ou, plus radicalement, ce qui sort du corps et survit, apr\u00e8s la mort du corps physique. Ce quelque chose de \u00ab\u00a0<i>vaporeux<\/i>\u00a0\u00bb et d&rsquo;impond\u00e9rable (sans poids) qui peut \u00e9ventuellement se d\u00e9tacher du corps : c&rsquo;est<span style=\"color: #ff6600;\"><b><i> le corps psychique<\/i><\/b><\/span> (ou \u00e9nerg\u00e9tique) et avant (moyen-\u00e2ge) on appelait cela \u00ab\u00a0l&rsquo;\u00e2me\u00a0\u00bb.<\/span><\/p>\n<p><span style=\"color: #000000;\">Disons simplement que l&rsquo;\u00e2me, c&rsquo;est \u00ab\u00a0<i>ce qui nous anime<\/i>\u00a0\u00bb et que ce qui nous anime, n&rsquo;est pas autre chose que <span style=\"color: #ff6600;\"><b><i>nos pens\u00e9es<\/i><\/b><\/span> ainsi que <b><i><span style=\"color: #ff6600;\">nos \u00e9motions<\/span>.<\/i><\/b><i> <\/i>La structure de notre \u00e2me, c&rsquo;est-\u00e0-dire de cette enveloppe \u00e9th\u00e9r\u00e9e qui \u00ab\u00a0double\u00a0\u00bb le corps de chair, est faite d&rsquo;une double \u00e9nergie : l&rsquo;esprit et la force vitale. L&rsquo;esprit est ce qui en confectionne la trame, la structure (imaginez une sorte de toile d&rsquo;araign\u00e9e) tandis que la force vitale est ce qui lui donne vie, force et dur\u00e9e, comme disaient les anciens Egyptiens (<em>Ankh, Djed, Ouas<\/em>).<\/span><\/p>\n<p><span style=\"font-size: xx-large; color: #993300;\"><strong>M<\/strong><\/span><span style=\"color: #000000;\">es consultants, comme tout le monde, ont une \u00e2me et donc, <i>un corps psychique. <\/i>Ce \u00ab\u00a0<em>corps<\/em>\u00a0\u00bb (invisible) est fait d&rsquo;esprit, c&rsquo;est-\u00e0-dire d&rsquo;id\u00e9es, de pens\u00e9es, d&rsquo;\u00e9tats d&rsquo;esprit, de force vitale et bien entendu, d&rsquo;\u00e9motions, de sentiments, de sensations, etc. En \u00ab\u00a0lisant\u00a0\u00bb ce corps animique (ou <em>de l&rsquo;\u00e2me<\/em>), je peux conna\u00eetre les pens\u00e9es ainsi que les \u00e9motions de ceux qui me consultent. Par ailleurs, comme j&rsquo;ai cette facult\u00e9 d&rsquo;assomption, je peux me mettre \u00ab\u00a0dans la peau\u00a0\u00bb de la personne venue me consulter, et comprendre et ressentir comme elle-m\u00eame le fait.<\/span><\/p>\n<p><span style=\"color: #000000;\">Quel est l&rsquo;int\u00e9r\u00eat ? L&rsquo;int\u00e9r\u00eat est extraordinaire et imm\u00e9diat : impossible de me tromper au sujet de ce que pensent et ressentent, consciemment ou non, les personnes que je me propose d&rsquo;aider ! <span style=\"font-family: georgia,palatino; color: #800000;\"><strong>Je pense ce qu&rsquo;elles pensent et je ressens exactement ce qu&rsquo;elles ressentent<\/strong><\/span>. Et une fois la \u00ab\u00a0<a href=\"http:\/\/www.theb4.fr\/frequence-soi\/lecture-dame\/\" class=\"autolink\">Lecture<\/a>\u00a0\u00bb faite, j&rsquo;ai en ma possession un diagnostic que m&rsquo;envieraient bien des praticiens, du simple m\u00e9decin au gu\u00e9risseur le plus attentif !<\/span><\/p>\n<p><span style=\"color: #000000;\">Lorsque j&rsquo;aide une personne, je lui fais d&rsquo;abord une \u00ab\u00a0<strong><em><a href=\"http:\/\/www.theb4.fr\/frequence-soi\/lecture-dame\/\" class=\"autolink\">lecture<\/a><\/em><\/strong>\u00a0\u00bb puis je l&rsquo;informe de ce que j&rsquo;ai pu percevoir ainsi. Si elle d\u00e9sire toujours \u00eatre aid\u00e9e, alors j&rsquo;agis et j&rsquo;interviens de la mani\u00e8re appropri\u00e9e (en fait, je r\u00e9\u00e9quilibre ses \u00e9nergies.)<\/span><\/p>\n<p><span style=\"text-decoration: underline;\"><span style=\"font-size: medium; color: #800000; text-decoration: underline;\"><strong>Prix de <a href=\"http:\/\/www.theb4.fr\/frequence-soi\/mes-prestations\/\" class=\"autolink\">mes prestations<\/a><\/strong><\/span><\/span> :<\/p>\n<p><span style=\"color: #0000ff;\">Me consulter au pr\u00e9alable car le tarif varie en fonction de la prestation est des besoins de chacun. Merci de votre compr\u00e9hension.<\/span><\/p>\n<p>Contact : <a href=\"mailto:beretti.laetitia@icloud.com\">beretti.laetitia@icloud.com<\/a><\/p>\n<p><span style=\"color: #ff6600; font-size: medium;\"><strong><em>L\u00e6titia\u00a0 <\/em><\/strong><\/span><\/p>","protected":false},"excerpt":{"rendered":"<p>________________________________________________ Qu&rsquo;est-ce qu&rsquo;une Lecture d&rsquo;\u00e2me ? &nbsp; Une Lecture d&rsquo;\u00e2me consiste \u00e0 d\u00e9crypter et \u00e0 mettre sous forme d&rsquo;images mentales (id\u00e9es, concepts, croyances) et de perceptions sensorielles (\u00e9motions, sensations) le double contenu du corps psychique ou \u00e2me. Je vous l&rsquo;accorde, pr\u00e9sent\u00e9 de la sorte, \u00e7a ne veut pas dire grand-chose, n&rsquo;est-ce pas ? Pourtant, une [&hellip;]<\/p>\n","protected":false},"author":2,"featured_media":0,"parent":0,"menu_order":2,"comment_status":"open","ping_status":"closed","template":"","meta":{"footnotes":""},"class_list":["post-17","page","type-page","status-publish","hentry"],"_links":{"self":[{"href":"https:\/\/www.theb4.fr\/frequence-soi\/wp-json\/wp\/v2\/pages\/17","targetHints":{"allow":["GET"]}}],"collection":[{"href":"https:\/\/www.theb4.fr\/frequence-soi\/wp-json\/wp\/v2\/pages"}],"about":[{"href":"https:\/\/www.theb4.fr\/frequence-soi\/wp-json\/wp\/v2\/types\/page"}],"author":[{"embeddable":true,"href":"https:\/\/www.theb4.fr\/frequence-soi\/wp-json\/wp\/v2\/users\/2"}],"replies":[{"embeddable":true,"href":"https:\/\/www.theb4.fr\/frequence-soi\/wp-json\/wp\/v2\/comments?post=17"}],"version-history":[{"count":30,"href":"https:\/\/www.theb4.fr\/frequence-soi\/wp-json\/wp\/v2\/pages\/17\/revisions"}],"predecessor-version":[{"id":1165,"href":"https:\/\/www.theb4.fr\/frequence-soi\/wp-json\/wp\/v2\/pages\/17\/revisions\/1165"}],"wp:attachment":[{"href":"https:\/\/www.theb4.fr\/frequence-soi\/wp-json\/wp\/v2\/media?parent=17"}],"curies":[{"name":"wp","href":"https:\/\/api.w.org\/{rel}","templated":true}]}}