{"id":2,"date":"2013-10-15T13:25:52","date_gmt":"2013-10-15T11:25:52","guid":{"rendered":"http:\/\/www.theb4.fr\/frequence-soi\/?page_id=2"},"modified":"2023-02-06T11:45:08","modified_gmt":"2023-02-06T09:45:08","slug":"editorial","status":"publish","type":"page","link":"https:\/\/www.theb4.fr\/frequence-soi\/","title":{"rendered":"Editorial"},"content":{"rendered":"<p>_________________________________________________________________________________<\/p>\n<p><span style=\"color: #993300; font-family: georgia,palatino; font-size: medium;\"><strong>Bonjour \u00e0 tous ceux qui me font l&rsquo;honneur de visiter mon Blog !<\/strong><\/span><\/p>\n<p><span style=\"font-size: medium;\">\u00a0<\/span><\/p>\n<p><b><img loading=\"lazy\" decoding=\"async\" class=\"alignleft size-full wp-image-10\" src=\"http:\/\/www.theb4.fr\/frequence-soi\/wp-content\/uploads\/2013\/10\/Avatar-Poussin.png\" alt=\"Avatar-Poussin\" width=\"130\" height=\"137\" \/><span style=\"font-size: xx-large; color: #800080;\">U<\/span><\/b><span style=\"color: #808080;\">n Blog que je tiens \u00e0 d\u00e9dier \u00e0 cette v\u00e9ritable passion qui m&rsquo;anime depuis trente-cinq ans, \u00e0 savoir les sciences psychiques appliqu\u00e9es. Voici des ann\u00e9es de cela, j&rsquo;ai d\u00e9cid\u00e9 de mettre mes modestes facult\u00e9s psychiques et spirituelles au service des <b><i>gens biens<\/i><\/b>. Qu&rsquo;est-ce que j&rsquo;entends, exactement, par \u00ab\u00a0<i>gens biens<\/i>\u00a0\u00bb ? Simplement qu&rsquo;il existe des femmes et des hommes qui ont \u00e0 c\u0153ur de demeurer simples, lumineux, clairs dans leur t\u00eate et sinc\u00e8res dans leur c\u0153ur, non seulement envers eux-m\u00eames mais aussi, envers autrui. Ils n&rsquo;essayent pas (ou plus) de \u00ab\u00a0<i>tromper les gens sur la marchandise<\/i>\u00a0\u00bb (sur ce qu&rsquo;ils sont en v\u00e9rit\u00e9) et se comportent, dans la vie sociale et en compagnie des autres, de la m\u00eame mani\u00e8re qu\u2019ils se comportent chez eux, seuls ou en priv\u00e9 et avec leurs proches.De telles \u00e2mes, aussi belles qu\u2019attachantes, m\u00e9ritent que l&rsquo;on s\u2019int\u00e9resse \u00e0 elles, qu&rsquo;on les remercie pour ce qu&rsquo;elles sont et ont eu le courage de demeurer, leur vie durant. <\/span><\/p>\n<p><span style=\"color: #808080;\">Et quelle meilleure mani\u00e8re de les remercier que de les aider \u00e0 demeurer ce qu&rsquo;elles sont, voire \u00e0 <b><i>les pousser<\/i><\/b> gentiment \u00e0 exprimer, avec plus de force, ce qu&rsquo;elles sont, int\u00e9rieurement ?Oui mais voil\u00e0; les belles \u00e2mes, et ceci est bien connu des personnes intelligentes, ne sont jamais au courant qu&rsquo;elles sont&#8230; De belles \u00e2mes, justement ! A force de simplicit\u00e9 ou de modestie, elles en sont arriv\u00e9es \u00e0 croire qu&rsquo;elles devaient encore bosser des ann\u00e9es sur elles-m\u00eames, sur leurs d\u00e9fauts (plus ou moins r\u00e9els), en particulier.<\/span><\/p>\n<p><span style=\"color: #808080;\"><span style=\"font-size: xx-large; color: #800080;\"><strong>V<\/strong><\/span>oit-on jamais un v\u00e9ritable imb\u00e9cile (et heureux de l&rsquo;\u00eatre) chez un psychiatre, par exemple ? Voit-on jamais un v\u00e9ritable criminel press\u00e9 d&rsquo;aller se confesser ? En g\u00e9n\u00e9ral, <b><i>ce sont les personnes les plus belles que l&rsquo;on retrouve sur les bancs des stages et des formations en d\u00e9veloppement personnel ou, pire encore, allong\u00e9es sur les divans des psychiatres<\/i><\/b> (occup\u00e9s \u00e0 terminer leur <i>sodoku<\/i> avant la fin de la s\u00e9ance, ceci afin de battre leur propre record.) Les belles \u00e2mes ont h\u00e9las <b>BESOIN<\/b> d&rsquo;\u00eatre encourag\u00e9es. <\/span><\/p>\n<p><span style=\"color: #808080;\">L&rsquo;exp\u00e9rience m&rsquo;a montr\u00e9 que plus une \u00e2me est lumineuse et pure, plus elle est bourr\u00e9e de doute sur elle-m\u00eame ou de complexes. Elle se croit en dessous de tout et de tous. Alors j&rsquo;ai d\u00e9couvert une chose extraordinaire qui m&rsquo;a remplie de joie : j&rsquo;avais cette capacit\u00e9, non pas seulement d&rsquo;aider les personnes plus \u00e9volu\u00e9es que ce qu&rsquo;elles ne pouvaient l&rsquo;imaginer toutes seules, mais de LEUR PROUVER le degr\u00e9 r\u00e9el de Lumi\u00e8re qui \u00e9tait le leur (ou le niveau d\u2019\u00e9volution r\u00e9el qui \u00e9tait depuis toujours le leur.) Je le pouvais gr\u00e2ce \u00e0 certaines facult\u00e9s offertes par <span style=\"color: #333399;\"><em>La Grande Vie. <\/em><\/span>Des facult\u00e9s avec lesquelles je me sens chaque jour toujours plus en harmonie.<\/span><\/p>\n<p><span style=\"color: #808080;\">\u00a0<span style=\"font-size: xx-large; color: #800080;\"><strong>E<\/strong><\/span>t l&rsquo;une de ces facult\u00e9s spirituelles, je la nomme <em><b><a href=\"http:\/\/www.theb4.fr\/frequence-soi\/lecture-dame\/\" class=\"autolink\">Lecture<\/a> d&rsquo;\u00e2me. <\/b><\/em>\u00a0D&rsquo;autres disent plus volontiers \u00ab\u00a0<i><a href=\"http:\/\/www.theb4.fr\/frequence-soi\/lecture-dame\/\" class=\"autolink\">Lecture<\/a> Karmique<\/i>\u00a0\u00bb mais je trouve cela moins beau. Je puis, en effet, non seulement \u00ab\u00a0<b><i>Lire<\/i><\/b>\u00a0\u00bb le contenu d&rsquo;une \u00e2me humaine comme vous, vous \u00a0liriez un livre ouvert, mais je puis \u00e9galement <i>m&rsquo;immerger<\/i> dans cette m\u00eame \u00e2me (processus d&rsquo;<i>Assomption<\/i>) et ressentir et vivre comme si j&rsquo;\u00e9tais cette \u00e2me, vivre, sentir et m&rsquo;exprimer en ses lieu et place, si vous pr\u00e9f\u00e9rez. Une facult\u00e9 fort utile quand, comme moi, on aime <b><i>soigner les gens<\/i><\/b> ! <\/span><\/p>\n<p><span style=\"color: #808080;\">Non pas \u00ab\u00a0<em>soigner\u00a0\u00bb<\/em> dans le sens commun du terme (bobos, maladies chroniques, etc.) mais <b><i>Soigner<\/i><\/b> dans un sens<em> spirituel et holistique<\/em> (complet.) Car il faut bien le dire et je tenais \u00e0 le r\u00e9p\u00e9ter ici :<\/span><\/p>\n<p><span style=\"color: #0000ff;\">\u00a0<b><i>La plupart des maladies physiques, nerveuses ou m\u00eame mentales, ont pour origine <\/i>un d\u00e9s\u00e9quilibre \u00e9nerg\u00e9tique dans le corps psychique<i> (ou \u00e2me) <\/i><\/b><\/span><\/p>\n<p><span style=\"color: #808080;\">En \u00ab\u00a0<em>Lisant\u00a0<\/em>\u00bb votre \u00e2me et en \u00ab\u00a0d\u00e9cryptant\u00a0\u00bb ce qui s\u2019y trouve grav\u00e9, je peux alors savoir <i>ce qui est \u00e0 l&rsquo;origine des diverses d\u00e9boires que vous vivez<\/i>, qu&rsquo;ils soient d&rsquo;ordre physiologique, psychologique ou m\u00eame, spirituel (et oui, \u00e7a existe aussi !) Si je devais r\u00e9sumer, grossi\u00e8rement (je d\u00e9veloppe chacun de ces points ailleurs dans ce blog), je dirais alors qu\u2019<b>il existe trois formes majeures de d\u00e9s\u00e9quilibres \u00e9nerg\u00e9tiques, pouvant entrainer des d\u00e9sordres \u00e9nerg\u00e9tiques qui, \u00e0 leur tour, entra\u00eenent ce que beaucoup de gens s\u2019obstinent encore \u00e0 appeler \u00ab\u00a0<i>des maladies.<\/i>\u00a0\u00bb <\/b><\/span><\/p>\n<p><span style=\"color: #808080;\"><span style=\"font-size: xx-large; color: #800080;\"><strong>L<\/strong><\/span>a premi\u00e8re forme de d\u00e9s\u00e9quilibre psycho-\u00e9nerg\u00e9tique, la plus r\u00e9pandue et j\u2019allais \u00e9crire la plus \u00ab\u00a0<i>naturelle<\/i>\u00a0\u00bb, provient de <b>notre fa\u00e7on de penser consciente, de nos id\u00e9es, pr\u00e9ceptes, croyances, etc<\/b>. Dans cette forme-l\u00e0 de d\u00e9s\u00e9quilibre, la personne ne pense pas d\u2019une mani\u00e8re appropri\u00e9e ou correcte, et \u00a0<b><span style=\"text-decoration: underline;\">elle le sait<\/span><\/b> et pr\u00e9f\u00e8re conserver son \u00e9tat d\u2019esprit actuel plut\u00f4t que de faire des efforts \u00e9puisants pour tenter d\u2019en changer. J\u2019entends mon cher et tendre \u00e9poux le claironner \u00e0 qui veut bien l\u2019entendre, depuis des ann\u00e9es\u00a0:<\/span><\/p>\n<h2><span style=\"color: #808080;\">\u00a0<\/span><span style=\"color: #800000; font-size: medium; font-family: georgia,palatino;\"><b><i>Ce que nous pensons est toujours \u00e0 l\u2019origine de ce que nous vivons\u00a0!<\/i><\/b><\/span><\/h2>\n<p><span style=\"color: #808080;\">\u00a0<span style=\"font-size: xx-large; color: #800080;\"><strong>L<\/strong><\/span>a seconde forme de d\u00e9s\u00e9quilibre \u00e9nerg\u00e9tique qui d\u00e9stabilise un \u00eatre humain, se rapporte \u00e0 <i>une mani\u00e8re de penser qui est devenue INCONSCIENTE avec le temps, \u00e0 force d\u2019\u00eatre employ\u00e9e sans m\u00eame avoir \u00e0 y penser.<\/i> G\u00e9n\u00e9ralement, il s\u2019agit l\u00e0 de ce que la psychologie nomme <i>des sch\u00e9mas ou les conditionnements mentaux.<\/i>Cette mani\u00e8re de penser \u00ab\u00a0<i>accidentelle<\/i>\u00a0\u00bb car non volontaire, provient pour une large mesure, de notre \u00e9ducation (parents, tuteurs) et de l\u2019enseignement purement acad\u00e9mique impos\u00e9 (l\u2019\u00e9cole.)<\/span><\/p>\n<p><span style=\"color: #808080;\">La vie nous pousse plus ou moins gentiment \u00e0 c\u00e9der \u00e0 certains <b><i>chantages affectifs<\/i><\/b>, lorsqu\u2019elle ne nous oblige pas, carr\u00e9ment, \u00e0 nous comporter \u00e0 la mani\u00e8re d\u2019une v\u00e9ritable prostitu\u00e9e\u00a0! Et tout cela, dans le secret espoir d\u2019\u00eatre appr\u00e9ci\u00e9(e) et aim\u00e9(e) \u00a0en retour. H\u00e9las, nous sommes bien rarement \u00ab\u00a0<i>pay\u00e9s<\/i>\u00a0\u00bb en fonction du travail d\u00e9plorable que nous croyons devoir choisir puis conserver, notre vie durant\u00a0! Un travail qui consiste essentiellement \u00e0 \u00ab\u00a0<b><i>se tordre<\/i><\/b>\u00a0\u00bb, \u00e0 se trahir, bref, \u00e0 se calquer sur le moule social sens\u00e9 nous rassurer et r\u00e9pondre aux attentes frustr\u00e9es de nos proches (parents, enfants, conjoints, amis) et\/ou de nos collaborateurs imm\u00e9diat (patrons, chefs, coll\u00e8gues de travail.)<\/span><\/p>\n<p><span style=\"color: #808080;\"><span style=\"font-size: xx-large; font-family: georgia,palatino; color: #800080;\"><strong>A<\/strong><\/span> pr\u00e9sent, je vous invite \u00e0 cliquer tour-\u00e0-tour sur chacun des onglets qui se trouvent en haut de cette page d&rsquo;accueil, ceci afin de lire de plus amples explications au sujet de mon travail, de ce que je fais et peux faire pour vous, si vous avez besoin de mes services et si vous avez envie d&rsquo;<strong><span style=\"color: #000000;\"><em>associer<\/em><\/span><\/strong> des techniques \u00e9nerg\u00e9tiques \u00e0 un \u00e9ventuel traitement m\u00e9dical, les deux n&rsquo;\u00e9tant en rien incompatible, d&rsquo;ailleurs. <span style=\"color: #666699;\"><strong>Et pour ce qui concerne la m\u00e9decine ou la prise de m\u00e9dicaments, voyez avec votre m\u00e9decin ou votre pharmacien, c&rsquo;est leur boulot \u00e0 eux, pas le mien !<\/strong><\/span><br \/>\n<\/span><\/p>\n<p><span style=\"color: #666699;\">Chaleureusement v\u00f4tre,<\/span><\/p>\n<p><span style=\"font-family: arial black,avant garde; color: #ff6600; font-size: medium;\"><strong><em>L\u00e6titia<\/em><\/strong><\/span><\/p>\n<p>&nbsp;<\/p>","protected":false},"excerpt":{"rendered":"<p>_________________________________________________________________________________ Bonjour \u00e0 tous ceux qui me font l&rsquo;honneur de visiter mon Blog ! \u00a0 Un Blog que je tiens \u00e0 d\u00e9dier \u00e0 cette v\u00e9ritable passion qui m&rsquo;anime depuis trente-cinq ans, \u00e0 savoir les sciences psychiques appliqu\u00e9es. Voici des ann\u00e9es de cela, j&rsquo;ai d\u00e9cid\u00e9 de mettre mes modestes facult\u00e9s psychiques et spirituelles au service des [&hellip;]<\/p>\n","protected":false},"author":2,"featured_media":0,"parent":0,"menu_order":0,"comment_status":"open","ping_status":"closed","template":"","meta":{"footnotes":""},"class_list":["post-2","page","type-page","status-publish","hentry"],"_links":{"self":[{"href":"https:\/\/www.theb4.fr\/frequence-soi\/wp-json\/wp\/v2\/pages\/2","targetHints":{"allow":["GET"]}}],"collection":[{"href":"https:\/\/www.theb4.fr\/frequence-soi\/wp-json\/wp\/v2\/pages"}],"about":[{"href":"https:\/\/www.theb4.fr\/frequence-soi\/wp-json\/wp\/v2\/types\/page"}],"author":[{"embeddable":true,"href":"https:\/\/www.theb4.fr\/frequence-soi\/wp-json\/wp\/v2\/users\/2"}],"replies":[{"embeddable":true,"href":"https:\/\/www.theb4.fr\/frequence-soi\/wp-json\/wp\/v2\/comments?post=2"}],"version-history":[{"count":34,"href":"https:\/\/www.theb4.fr\/frequence-soi\/wp-json\/wp\/v2\/pages\/2\/revisions"}],"predecessor-version":[{"id":1258,"href":"https:\/\/www.theb4.fr\/frequence-soi\/wp-json\/wp\/v2\/pages\/2\/revisions\/1258"}],"wp:attachment":[{"href":"https:\/\/www.theb4.fr\/frequence-soi\/wp-json\/wp\/v2\/media?parent=2"}],"curies":[{"name":"wp","href":"https:\/\/api.w.org\/{rel}","templated":true}]}}