{"id":40,"date":"2013-10-18T09:56:19","date_gmt":"2013-10-18T07:56:19","guid":{"rendered":"http:\/\/www.theb4.fr\/frequence-soi\/?page_id=40"},"modified":"2020-03-06T14:44:58","modified_gmt":"2020-03-06T13:44:58","slug":"soins-a-distance","status":"publish","type":"page","link":"https:\/\/www.theb4.fr\/frequence-soi\/soins-a-distance\/","title":{"rendered":"Soins \u00e0 distance"},"content":{"rendered":"<h2>________________________________________________<\/h2>\n<h2><span style=\"font-family: georgia,palatino; color: #993300;\">Qu&rsquo;est-ce que c&rsquo;est ?<\/span><\/h2>\n<p>&nbsp;<\/p>\n<p><span style=\"font-size: xx-large; color: #993300;\"><b>L<\/b><\/span><span style=\"color: #000000;\">&lsquo;esprit humain a beaucoup plus de capacit\u00e9s\u00a0qu\u2019on ne se l&rsquo;imagine, g\u00e9n\u00e9ralement. Les scientifiques les plus avanc\u00e9s et intelligents de notre \u00e9poque, les <b><i>physiciens quantiques<\/i><\/b>, pour ne pas les nommer, nous d\u00e9montrent, r\u00e9guli\u00e8rement, que :<br \/>\n<\/span><\/p>\n<p><span style=\"font-size: large; color: #993300;\">1<\/span>. <span style=\"color: #000000;\">La mati\u00e8re n&rsquo;est pas \u00ab\u00a0<i>tangible<\/i>\u00a0\u00bb (solide) comme le croyait la science \u00ab\u00a0officielle\u00a0\u00bb, il y a encore tr\u00e8s peu de temps de cela.<\/span><\/p>\n<p><span style=\"font-size: large; color: #993300;\">2<\/span>. <span style=\"color: #000000;\">L&rsquo;univers contient deux forces, l&rsquo;une formatrice, l&rsquo;autre animatrice.<\/span><\/p>\n<p><span style=\"font-size: large; color: #993300;\">3<\/span>.<span style=\"color: #000000;\"> Il existe une \u00ab\u00a0trame\u00a0\u00bb, une sorte d&rsquo;immense toile d&rsquo;araign\u00e9e \u00e9nerg\u00e9tique et <i>informationnelle<\/i> qui relie toutes choses et, de ce fait, tous les \u00eatres.<\/span><\/p>\n<p><span style=\"font-size: large; color: #993300;\">4<\/span>. <span style=\"color: #000000;\">Le temps et la distance (espace) ne sont qu&rsquo;une simple vue de l&rsquo;esprit.<\/span><\/p>\n<p><span style=\"font-size: large; color: #993300;\">5<\/span>. <span style=\"color: #000000;\">Lorsque deux \u00eatres sont reli\u00e9s, par leur nature (sang), leurs id\u00e9es communes (esprit) et leur amour (\u00e9motions), quelle que soit la distance, ils demeurent unis et l&rsquo;un r\u00e9agit \u00e0 tout ce que vit l&rsquo;autre, tandis que l&rsquo;autre r\u00e9agit \u00e0 tout ce que vit l&rsquo;un (interconnexion quantique).<\/span><\/p>\n<p><span style=\"font-size: xx-large; color: #993300;\"><b>C<\/b><\/span><span style=\"color: #000000;\">es cinq propositions suffiront \u00e0 m&rsquo;aider un peu dans mes explications au sujet des <a href=\"http:\/\/www.theb4.fr\/frequence-soi\/soins-a-distance\/\" class=\"autolink\">soins<\/a> \u00e0 distance. Prenons la cinqui\u00e8me, pour commencer. Elle \u00e9nonce qu&rsquo;en r\u00e9alit\u00e9, si nous pensons \u00e0 une personne ou si nous ressentons quelque chose pour elle (ou les deux \u00e0 la fois), peu importe la distance, nous serons reli\u00e9s \u00e0 elle.<\/span><\/p>\n<p><span style=\"font-size: xx-large; color: #800000;\"><strong>S<\/strong><\/span><span style=\"color: #000000;\">i on prend \u00e0 pr\u00e9sent la seconde proposition, nous comprenons que puisque l&rsquo;univers se manifeste par le biais de deux \u00e9nergies, l&rsquo;une qui <em><strong>FORME<\/strong><\/em> toutes choses (corps et plan\u00e8tes confondus) et l&rsquo;autre qui les<\/span> <span style=\"color: #0000ff;\"><strong><em>ANIME<\/em><\/strong><\/span> <span style=\"color: #000000;\">(vie, mouvement, rotation, vibrations, etc.), alors il devient plus facile de nous imaginer que nous pouvons \u00ab\u00a0envoyer\u00a0\u00bb aussi bien des pens\u00e9es (images mentales) que de l&rsquo;\u00e9nergie (force vitale de gu\u00e9rison) \u00e0 une personne \u00e0 laquelle nous sommes temporairement ou constamment reli\u00e9es.<\/span><\/p>\n<p><span style=\"color: #000000;\">Il nous est donc possible non seulement de l&rsquo;aider \u00e0 gu\u00e9rir en lui offrant plus d&rsquo;\u00e9nergie pour y parvenir, mais nous pouvons \u00e9galement lui envoyer des\u00a0\u00ab\u00a0instructions\u00a0\u00bb lui permettant d&rsquo;\u00eatre guid\u00e9e et conseill\u00e9e, si elle en a vraiment besoin et,<\/span> <span style=\"font-family: comic sans ms,sans-serif;\"><em><span style=\"color: #ff6600;\"><strong>SURTOUT<\/strong><\/span><\/em><\/span>, <span style=\"color: #ff6600;\"><b><i>si elle en a fait la demande !<\/i><\/b> <\/span><span style=\"color: #000000;\">(Tr\u00e8s important, \u00e7a !)<\/span><\/p>\n<p><span style=\"font-size: xx-large; color: #800000;\"><strong>L<\/strong><\/span><span style=\"color: #000000;\">a troisi\u00e8me proposition (<em>trame, toile d&rsquo;araign\u00e9e cosmique<\/em>) nous explique de quelle mani\u00e8re l&rsquo;\u00e9nergie vitale et les informations mentales peuvent transiter d&rsquo;un point \u00e0 un autre. Songez \u00e0 la toile d&rsquo;une araign\u00e9e : m\u00eame si elle se trouve \u00e0 une extr\u00e9mit\u00e9 de sa toile, si un insecte se prend dans son pi\u00e8ge, elle en sera imm\u00e9diatement inform\u00e9e, ceci \u00e0 cause des vibrations qui se r\u00e9pandront <i>sur toutes les parties de la toile en m\u00eame temps. <\/i>De m\u00eame, l&rsquo;\u00eatre humain rayonne sans cesse ce qu&rsquo;il pense et ressent. Ce rayonnement\u00a0 \u00ab\u00a0informe\u00a0\u00bb chaque partie de l&rsquo;univers et toutes en m\u00eame temps. Le fait de s&rsquo;int\u00e9resser \u00e0 une personne particuli\u00e8re ou de ressentir quelque chose pour elle (<em>amour, amiti\u00e9, compassion, etc.<\/em>) est la clef qui permet \u00e0 un individu de<\/span> <strong><span style=\"font-family: trebuchet ms,geneva; color: #ff6600;\">R<\/span><\/strong><span style=\"color: #ff6600; font-family: trebuchet ms,geneva;\"><strong>ENDRE CONSCIENTE<\/strong><\/span> <span style=\"color: #000000;\">une relation qui, de toute mani\u00e8re, existait d\u00e9j\u00e0 et ne pouvait pas faire autre chose qu&rsquo;exister, d&rsquo;ailleurs !<\/span><\/p>\n<p><span style=\"font-size: xx-large; color: #800000;\"><strong>L<\/strong><\/span><span style=\"color: #000000;\">a quatri\u00e8me proposition nous rappelle que peu importe o\u00f9 se trouvent les \u00eatres que nous aimons, nous demeurons unis \u00e0 eux, que nous le voulions ou pas, que nous en soyons conscients ou non. Prendre conscience de cet \u00e9tat de fait, y croire et d&rsquo;en faire une r\u00e9alit\u00e9 aussi \u00e9vidente que le besoin de respirer pour vivre, nous permet d&rsquo;utiliser intelligemment et efficacement ce qui n&rsquo;\u00e9tait, au pr\u00e9alable, qu&rsquo;un simple potentiel. Nous avons tous ce pouvoir de <i>faire tomber les barri\u00e8res du temps et de l&rsquo;espace,<\/i> car <b>ces derni\u00e8res n&rsquo;existent que dans notre mental et ont \u00e9t\u00e9 cr\u00e9\u00e9es en esprit.<\/b> Elles n&rsquo;existent pas dans la R\u00e9alit\u00e9 Cosmique, c&rsquo;est-\u00e0-dire dans ce qui se passe et existe \u00ab\u00a0en fait\u00a0\u00bb (vraiment, que nous le sachions ou pas).<\/span><\/p>\n<p><span style=\"font-size: xx-large; color: #800000;\"><strong>E<\/strong><\/span><span style=\"color: #000000;\">nfin, la premi\u00e8re proposition nous apprend que la mati\u00e8re<\/span> <span style=\"text-decoration: underline; color: #ff6600;\"><strong><em>n&rsquo;est pas<\/em><\/strong><\/span> <span style=\"color: #000000;\">telle que nous la percevons avec nos sens physiques (<em>vue, toucher, etc<\/em>.) En r\u00e9alit\u00e9, elle est faite d&rsquo;\u00e9nergie qui pulse, rayonne, ondule et, de ce fait, \u00e9voque plus quelque chose d&rsquo;\u00e9th\u00e9r\u00e9 qu&rsquo;une chose \u00ab\u00a0<em>solide<\/em>.\u00a0\u00bb Cela dit, comment je m&rsquo;y prends, moi, pour \u00e9tablir ce contact conscient ? De la mani\u00e8re la plus simple possible : Soit <em>je visualise<\/em> la personne avec laquelle je d\u00e9sire rendre le contact naturel et permanent CONSCIENT, soit je me sers d&rsquo;<em>une simple photo<\/em>, envoy\u00e9e par les personnes qui me demandent de les aider. Est-ce que tout le monde peut faire la m\u00eame chose que moi ? (Soigner \u00e0 distance, par exemple) J&rsquo;ai bien envie de vous faire une r\u00e9ponse un peu aga\u00e7ante :<\/span><\/p>\n<p><em><span style=\"font-size: medium; color: #0000ff;\"><strong>Oui et non !<\/strong><\/span><\/em> <span style=\"color: #000000;\">(avouez que c&rsquo;est aga\u00e7ant, hein ?)<\/span><\/p>\n<p><em><span style=\"font-size: medium; color: #0000ff;\"><strong>Oui<\/strong><\/span><\/em>, <span style=\"color: #000000;\">tout d&rsquo;abord, parce que cette facult\u00e9 est \u00e0 la port\u00e9e de tous, comme le fait d&rsquo;apprendre \u00e0 conduire un v\u00e9hicule, par exemple&#8230;<\/span><\/p>\n<p><em><span style=\"font-size: medium; color: #0000ff;\"><strong>Non<\/strong><\/span><\/em>, <span style=\"color: #000000;\">\u00e9galement, car tout comme il faut faire quelques efforts puis ensuite s&rsquo;entra\u00eener quelque temps pour savoir conduire correctement une voiture ou une moto, de m\u00eame, il faut apprendre \u00e0 d\u00e9passer <span style=\"text-decoration: underline;\"><em>certains conditionnements<\/em><\/span><span style=\"text-decoration: underline;\"><em> mentaux<\/em>,<\/span> puis s&rsquo;entra\u00eener avec courage, foi et patience, surtout au d\u00e9but.<\/span><\/p>\n<p><span style=\"font-size: xx-large; color: #800000;\">C<\/span><span style=\"color: #000000;\">e que je vous dis l\u00e0 pourrait se r\u00e9sumer \u00e0 cette courte phrase :<\/span><\/p>\n<p><span style=\"color: #000000;\"><span style=\"color: #800080;\">\u00ab\u00a0<i>Oui, bien s\u00fbr, vous pouvez faire comme moi, mais il va falloir bosser, les filles !\u00a0<\/i>\u00bb<\/span> (Ou bien les gars, je ne suis pas sectaire mais bon, je pr\u00eache d\u2019abord pour <i>ma paroisse<\/i>, comme le font ces petits polissons que sont les hommes.)<\/span><\/p>\n<p><span style=\"color: #000000;\">Nos parents, ainsi que nos chers professeurs, \u00e0 l&rsquo;\u00e9cole, au Lyc\u00e9e puis \u00e0 la Fac, ne nous ont gu\u00e8re habitu\u00e9s \u00e0 consid\u00e9rer la vie comme une chose aussi merveilleuse que magique ! Du coup, nous devons tout d&rsquo;abord<\/span> <span style=\"color: #0000ff;\"><b><i>d\u00e9sapprendre<\/i><\/b><\/span> <span style=\"color: #000000;\">avant de pr\u00e9tendre<\/span> <span style=\"color: #0000ff;\"><b><i>apprendre<\/i><\/b> <\/span><span style=\"color: #000000;\">quelque chose de<\/span> <span style=\"color: #ff6600;\"><b><i>NOUVEAU<\/i><\/b><\/span> <span style=\"color: #000000;\">et, surtout, quelque chose de moins<\/span> <span style=\"color: #ff6600;\"><i>grossi\u00e8rement mat\u00e9riel<\/i><\/span>.<\/p>\n<p><span style=\"font-size: xx-large; color: #800000;\"><b>V<\/b><\/span><span style=\"color: #000000;\">oil\u00e0 ce que j&rsquo;avais envie de vous expliquer avec mes mots. Si vous avez des questions, si vous d\u00e9sirez en savoir plus, n&rsquo;h\u00e9sitez pas \u00e0 me poser toutes les questions que vous voulez. Et si vous ressentez le besoin de faire appel \u00e0 mes services, allez lire <span style=\"color: #ff6600;\"><strong><a title=\"Mes prestations\" href=\"http:\/\/www.theb4.fr\/frequence-soi\/mes-prestations\/\" target=\"_blank\" rel=\"noopener noreferrer\"><span style=\"color: #ff6600;\">sur cette page<\/span><\/a><\/strong><\/span> (ou en cliquant sur l&rsquo;onglet<\/span> \u00ab\u00a0<a title=\"Aller sur cette page ?\" href=\"http:\/\/www.theb4.fr\/frequence-soi\/mes-prestations\/\" target=\"_blank\" rel=\"noopener noreferrer\"><b><i>Mes prestations<\/i><\/b><\/a>\u00a0\u00bb<span style=\"color: #000000;\"> en haut de cette page) : tout vous est expliqu\u00e9 en d\u00e9tail et vous \u00eates guid\u00e9s pour vous informer selon vos attentes et vos besoins r\u00e9els (pour \u00e9viter de devoir tout lire pour savoir o\u00f9 cliquer\u00a0!)<\/span><\/p>\n<p><span style=\"color: #000000;\">Bien cordialement \u00e0 tous et avec mes v\u0153ux les plus chaleureux de paix, de bonheur et de r\u00e9ussite sociale ! Car ces choses sont les plus importantes pour nous tous !<\/span><\/p>\n<p>Pour me contacter directement : <a href=\"mailto:beretti.laetitia@icloud.com\">beretti.laetitia@icloud.com<\/a><\/p>\n<p><span style=\"font-size: medium; color: #ff6600;\"><b><i>L\u00e6titia<\/i><\/b><\/span><\/p>\n<p>&nbsp;<\/p>","protected":false},"excerpt":{"rendered":"<p>________________________________________________ Qu&rsquo;est-ce que c&rsquo;est ? &nbsp; L&lsquo;esprit humain a beaucoup plus de capacit\u00e9s\u00a0qu\u2019on ne se l&rsquo;imagine, g\u00e9n\u00e9ralement. Les scientifiques les plus avanc\u00e9s et intelligents de notre \u00e9poque, les physiciens quantiques, pour ne pas les nommer, nous d\u00e9montrent, r\u00e9guli\u00e8rement, que : 1. La mati\u00e8re n&rsquo;est pas \u00ab\u00a0tangible\u00a0\u00bb (solide) comme le croyait la science \u00ab\u00a0officielle\u00a0\u00bb, il y [&hellip;]<\/p>\n","protected":false},"author":2,"featured_media":0,"parent":0,"menu_order":3,"comment_status":"open","ping_status":"closed","template":"","meta":{"footnotes":""},"class_list":["post-40","page","type-page","status-publish","hentry"],"_links":{"self":[{"href":"https:\/\/www.theb4.fr\/frequence-soi\/wp-json\/wp\/v2\/pages\/40","targetHints":{"allow":["GET"]}}],"collection":[{"href":"https:\/\/www.theb4.fr\/frequence-soi\/wp-json\/wp\/v2\/pages"}],"about":[{"href":"https:\/\/www.theb4.fr\/frequence-soi\/wp-json\/wp\/v2\/types\/page"}],"author":[{"embeddable":true,"href":"https:\/\/www.theb4.fr\/frequence-soi\/wp-json\/wp\/v2\/users\/2"}],"replies":[{"embeddable":true,"href":"https:\/\/www.theb4.fr\/frequence-soi\/wp-json\/wp\/v2\/comments?post=40"}],"version-history":[{"count":15,"href":"https:\/\/www.theb4.fr\/frequence-soi\/wp-json\/wp\/v2\/pages\/40\/revisions"}],"predecessor-version":[{"id":1134,"href":"https:\/\/www.theb4.fr\/frequence-soi\/wp-json\/wp\/v2\/pages\/40\/revisions\/1134"}],"wp:attachment":[{"href":"https:\/\/www.theb4.fr\/frequence-soi\/wp-json\/wp\/v2\/media?parent=40"}],"curies":[{"name":"wp","href":"https:\/\/api.w.org\/{rel}","templated":true}]}}