{"id":45,"date":"2013-10-21T12:02:19","date_gmt":"2013-10-21T10:02:19","guid":{"rendered":"http:\/\/www.theb4.fr\/frequence-soi\/?page_id=45"},"modified":"2020-12-18T12:33:58","modified_gmt":"2020-12-18T10:33:58","slug":"mes-prestations","status":"publish","type":"page","link":"https:\/\/www.theb4.fr\/frequence-soi\/mes-prestations\/","title":{"rendered":"Mes prestations"},"content":{"rendered":"<p>__________________________________________________________<\/p>\n<p>&nbsp;<\/p>\n<p style=\"text-align: center;\"><span style=\"font-family: georgia,palatino;\"><strong><span style=\"font-size: medium;\">**** <span style=\"font-size: large;\">Ce que je peux faire pour vous<\/span> ****<\/span><\/strong><\/span><\/p>\n<p><span style=\"font-size: xx-large; color: #800080;\"><strong>S<\/strong><\/span><span style=\"color: #000000;\">ur cette page, vous trouverez, list\u00e9es, l&rsquo;ensemble de <a href=\"http:\/\/www.theb4.fr\/frequence-soi\/mes-prestations\/\" class=\"autolink\">mes prestations<\/a>, ainsi que les conditions et prix. Pour chacune d&rsquo;entre elles, vous trouverez les pages correspondantes.<br \/>\n<\/span><\/p>\n<p><span style=\"color: #008000;\"><strong><span style=\"text-decoration: underline;\">IMPORTANT<\/span><\/strong><em> : Merci de bien respecter mes conseils lors d&rsquo;un soin \u00e0 distance. Ceci pour votre confort et pour votre bien-\u00eatre. Merci de votre attention.<\/em><\/span><\/p>\n<p><span style=\"text-decoration: underline; color: #ff6600;\"><span style=\"background-color: #ffffff; font-size: medium; font-family: georgia,palatino;\"><strong>Lectures d&rsquo;\u00e2me<\/strong><\/span><\/span> <span style=\"color: #800000;\">(<em>ou lectures karmiques<\/em>)<\/span> <span style=\"color: #000000;\">: Si vous d\u00e9sirez savoir ce que vous pouvez en attendre, comment cela se passe ainsi que mes tarifs, veuillez cliquez<\/span> <span style=\"color: #800000;\"><a title=\"Rejoindre cet article ?\" href=\"http:\/\/www.theb4.fr\/frequence-soi\/les-lectures-dame\/\" target=\"_blank\" rel=\"noopener noreferrer\"><span style=\"font-size: medium; color: #800000;\"><strong>ICI !<\/strong><\/span><\/a><\/span><\/p>\n<p><span style=\"color: #ff6600;\"><span style=\"text-decoration: underline;\"><span style=\"font-size: medium; background-color: #ffffff; text-decoration: underline;\"><span style=\"font-family: georgia,palatino;\"><strong><a href=\"http:\/\/www.theb4.fr\/frequence-soi\/soins-a-distance\/\" class=\"autolink\">Soins<\/a><\/strong><\/span><\/span><\/span><span style=\"text-decoration: underline;\"><span style=\"font-size: medium; background-color: #ffffff; text-decoration: underline;\"><span style=\"font-family: georgia,palatino;\"><strong> \u00e0 distance<\/strong><\/span><\/span><\/span><\/span> <span style=\"color: #800000;\">(<em>R\u00e9\u00e9quilibrage \u00e9nerg\u00e9tique<\/em>)<\/span> <span style=\"color: #000000;\">: Si vous d\u00e9sirez conna\u00eetre les conditions exactes ainsi que le prix d&rsquo;une action \u00e0 distance, merci de cliquez<\/span> <span style=\"color: #800000;\"><a title=\"Rejoindre cet article ?\" href=\"http:\/\/www.theb4.fr\/frequence-soi\/soins-a-distance-details\/\" target=\"_blank\" rel=\"noopener noreferrer\"><span style=\"font-size: medium; color: #800000;\"><strong>ICI !<\/strong><\/span><\/a><\/span><\/p>\n<p><span style=\"text-decoration: underline; color: #ff6600;\"><span style=\"font-size: medium; font-family: georgia,palatino; background-color: #ffffff;\"><strong><a href=\"http:\/\/www.theb4.fr\/frequence-soi\/consultations\/\" class=\"autolink\">Consultations<\/a><\/strong><\/span><\/span> <span style=\"color: #000000;\">Elles s&rsquo;effectuent uniquement<\/span> <span style=\"text-decoration: underline; color: #800000;\"><span style=\"text-decoration: underline;\"><strong>\u00e0 mon cabinet<\/strong><\/span><\/span>\u00a0<span style=\"color: #000000;\"> (Plazac, Dordogne). Pour conna\u00eetre les conditions et prix, merci de bien vouloir cliquez<\/span> <span style=\"color: #800000;\"><a title=\"Aller sur cette page ?\" href=\"http:\/\/www.theb4.fr\/frequence-soi\/consultations\/\" target=\"_blank\" rel=\"noopener noreferrer\"><span style=\"font-size: medium; color: #800000;\"><strong>ICI !<\/strong><\/span><\/a><\/span><\/p>\n<p>&nbsp;<\/p>\n<p><span style=\"color: #800000; font-size: small;\"><strong>Pour me contacter directement, servez-vous de <\/strong><\/span><strong><span style=\"color: #800000;\">mon mail<\/span> :<\/strong> <a title=\"m'envoyer un mail\" href=\"mailto:beretti.laetitia@icloud.com\" target=\"_blank\" rel=\"noopener noreferrer\">beretti.laetitia@icloud.com<\/a>\u00a0<span style=\"color: #800000; font-size: small;\"><strong><br \/>\n<\/strong><\/span><\/p>\n<p>Ou passez par ma page Facebook : <a href=\"https:\/\/www.facebook.com\/laetitia.beretti.9\">https:\/\/www.facebook.com\/laetitia.beretti.9 <\/a><\/p>\n<p>&nbsp;<\/p>\n<p>&nbsp;<\/p>\n<p>&nbsp;<\/p>","protected":false},"excerpt":{"rendered":"<p>__________________________________________________________ &nbsp; **** Ce que je peux faire pour vous **** Sur cette page, vous trouverez, list\u00e9es, l&rsquo;ensemble de mes prestations, ainsi que les conditions et prix. Pour chacune d&rsquo;entre elles, vous trouverez les pages correspondantes. IMPORTANT : Merci de bien respecter mes conseils lors d&rsquo;un soin \u00e0 distance. Ceci pour votre confort et pour [&hellip;]<\/p>\n","protected":false},"author":2,"featured_media":0,"parent":0,"menu_order":1,"comment_status":"open","ping_status":"closed","template":"","meta":{"footnotes":""},"class_list":["post-45","page","type-page","status-publish","hentry"],"_links":{"self":[{"href":"https:\/\/www.theb4.fr\/frequence-soi\/wp-json\/wp\/v2\/pages\/45","targetHints":{"allow":["GET"]}}],"collection":[{"href":"https:\/\/www.theb4.fr\/frequence-soi\/wp-json\/wp\/v2\/pages"}],"about":[{"href":"https:\/\/www.theb4.fr\/frequence-soi\/wp-json\/wp\/v2\/types\/page"}],"author":[{"embeddable":true,"href":"https:\/\/www.theb4.fr\/frequence-soi\/wp-json\/wp\/v2\/users\/2"}],"replies":[{"embeddable":true,"href":"https:\/\/www.theb4.fr\/frequence-soi\/wp-json\/wp\/v2\/comments?post=45"}],"version-history":[{"count":39,"href":"https:\/\/www.theb4.fr\/frequence-soi\/wp-json\/wp\/v2\/pages\/45\/revisions"}],"predecessor-version":[{"id":1156,"href":"https:\/\/www.theb4.fr\/frequence-soi\/wp-json\/wp\/v2\/pages\/45\/revisions\/1156"}],"wp:attachment":[{"href":"https:\/\/www.theb4.fr\/frequence-soi\/wp-json\/wp\/v2\/media?parent=45"}],"curies":[{"name":"wp","href":"https:\/\/api.w.org\/{rel}","templated":true}]}}