{"id":64,"date":"2013-10-21T12:01:38","date_gmt":"2013-10-21T10:01:38","guid":{"rendered":"http:\/\/www.theb4.fr\/frequence-soi\/?page_id=64"},"modified":"2021-02-21T21:37:35","modified_gmt":"2021-02-21T19:37:35","slug":"lieux-et-personnes","status":"publish","type":"page","link":"https:\/\/www.theb4.fr\/frequence-soi\/lieux-et-personnes\/","title":{"rendered":"Lieux et personnes"},"content":{"rendered":"<p>_______________________________________________________________________________<\/p>\n<p>&nbsp;<\/p>\n<p><span style=\"color: #800000; font-size: 18pt;\"><strong>Travaux Psychiques sur <a href=\"http:\/\/www.theb4.fr\/frequence-soi\/lieux-et-personnes\/\" class=\"autolink\">lieux et personnes<\/a><\/strong><\/span><\/p>\n<p>&nbsp;<\/p>\n<p><span style=\"color: #000000;\"><span style=\"font-size: xx-large; color: #800000;\"><strong>L<\/strong><\/span>a demande de travaux psychiques pour aider des personnes auxquelles on a fait du mal \u00e0 distance, qui ont des entit\u00e9s sur elles ou qui vivent dans des maisons dites \u00ab\u00a0hant\u00e9es\u00a0\u00bb ou qui pr\u00e9sentent de tr\u00e8s mauvaises ondes psychiques, augmente d&rsquo;une mani\u00e8re exponentielle.<\/span><\/p>\n<p><span style=\"color: #000000;\"><strong>Dans ce genre de probl\u00e9matique, je travaille toujours en \u00e9quipe avec mon mari.<\/strong><\/span><\/p>\n<p><span style=\"color: #000000;\">Voici ce que je peux faire pour vous, si vous vous trouvez dans l&rsquo;un quelconque (ou plusieurs) des cas cit\u00e9s ci-dessus.<\/span><\/p>\n<p><span style=\"text-decoration: underline;\"><span style=\"font-size: medium; background-color: #ffffff; color: #800000; text-decoration: underline;\"><strong>Nettoyage des \u00e9nergies morbides<\/strong><\/span><\/span> (<em>Maisons hant\u00e9es, entit\u00e9s non pass\u00e9es, envo\u00fbtement, cas de possession, magie noire, etc<\/em>.)<\/p>\n<p><span style=\"color: #000000;\"><span style=\"text-decoration: underline; color: #800000;\"><span style=\"font-size: 12pt;\"><strong>D\u00e9placement<\/strong><\/span><\/span> : Me contacter directement afin de calculer ensemble un forfait incluant les frais r\u00e9els de d\u00e9placement.\u00a0<\/span><\/p>\n<p><span style=\"text-decoration: underline; font-size: 14pt; color: #008000;\"><strong>TARIFS<\/strong><\/span><\/p>\n<p><span style=\"text-decoration: underline;\"><span style=\"background-color: #ffffff;\"><span style=\"font-size: medium; color: #800000; text-decoration: underline;\"><strong>Nettoyage d&rsquo;une<\/strong><\/span><\/span><\/span><span style=\"text-decoration: underline;\"><strong><span style=\"background-color: #ffffff;\"><span style=\"font-size: medium; color: #800000; text-decoration: underline;\"> personne<\/span> <\/span><\/strong><\/span><span style=\"color: #000000;\">(A distance, entit\u00e9s, nuisance psychiques, etc.)<\/span>\u00a0\u00a0\u00a0\u00a0\u00a0 <span style=\"font-size: large; background-color: #ffffff; color: #0000ff;\"><strong>100<\/strong> <em>euros<\/em><\/span><\/p>\n<p><span style=\"text-decoration: underline; color: #993300;\"><span style=\"font-size: 12pt;\"><strong>Nettoyage d&rsquo;un animal<\/strong><\/span><\/span><span style=\"color: #993300;\"><span style=\"font-size: 12pt;\"> <span style=\"color: #000000;\">(<span style=\"font-size: 10pt;\">Ils sont souvent affect\u00e9s \u00e9galement<\/span>)\u00a0\u00a0\u00a0 <span style=\"font-size: 12pt; color: #0000ff;\"><strong><em>Me consulter pour savoir si \u00e0 distance ou sur place, quand c&rsquo;est envisageable.<\/em><\/strong><\/span><\/span><\/span><\/span><\/p>\n<p><span style=\"text-decoration: underline; color: #800000; background-color: #ffffff;\"><span style=\"font-size: medium; font-family: arial,helvetica,sans-serif;\"><strong>Nettoyage lieu, pi\u00e8ce, maison<\/strong><\/span><\/span> \u00a0\u00a0\u00a0\u00a0\u00a0\u00a0\u00a0\u00a0\u00a0\u00a0\u00a0\u00a0\u00a0\u00a0 \u00a0 \u00a0 \u00a0 \u00a0 \u00a0 \u00a0 \u00a0 \u00a0 \u00a0 \u00a0 \u00a0 \u00a0 \u00a0 \u00a0 \u00a0 \u00a0 \u00a0\u00a0 <span style=\"font-size: large; background-color: #ffffff; color: #0000ff;\"><span style=\"font-size: 12pt;\"><strong><em>Me consulter au pr\u00e9alable pour \u00e9tablir un tarif raisonnable.<\/em><\/strong><\/span><\/span><\/p>\n<p><span style=\"text-decoration: underline; color: #ff6600; font-size: medium;\"><strong>Nota<\/strong><\/span> : <span style=\"color: #000000; font-family: georgia,palatino; font-size: medium;\"><em>Pour ce qui concerne l&rsquo;assainissement de lieux (pi\u00e8ces, caves, greniers ou m\u00eame maisons enti\u00e8res) il faut se rendre sur place, avec une pr\u00e9sence physique effective de la personne qui op\u00e8re les travaux. D\u00e9placement de deux personnes, mon mari ainsi que moi-m\u00eame.<br \/>\n<\/em><\/span><\/p>\n<p><span style=\"text-decoration: underline;\"><span style=\"background-color: #ffffff; color: #800000; font-size: medium;\"><strong>Pour tout contact relatif \u00e0 ces prestations<\/strong><\/span><\/span><\/p>\n<p><span style=\"color: #000000;\"><strong>Servez-vous soit de<\/strong><\/span> <a title=\"m'envoyer un mail ?\" href=\"mailto:beretti.laetitia@icloud.com\" target=\"_blank\" rel=\"noopener noreferrer\">mon adresse MAIL<\/a><\/p>\n<p><span style=\"color: #000000;\"><strong>Soit de ma page Facebook : <\/strong><a href=\"https:\/\/www.facebook.com\/laetitia.beretti.9\">https:\/\/www.facebook.com\/laetitia.beretti.9<\/a><strong><br \/>\n<\/strong><\/span><\/p>\n<p><span style=\"color: #ff0000;\"><strong><span style=\"text-decoration: underline;\">Important<\/span> :<\/strong><em><strong> Pour \u00e9viter le spam et autres joyeuseries du genre, les formulaires de contacts, les commentaires ainsi que les nouvelles inscriptions, ont \u00e9t\u00e9 retir\u00e9s ou supprim\u00e9s. Il existe d&rsquo;autres fa\u00e7on de manifester votre int\u00e9r\u00eat, ma page Facebook \u00e9tant un de ces \u00ab\u00a0lieux\u00a0\u00bb virtuels privil\u00e9gi\u00e9s !<\/strong><\/em><\/span><\/p>\n<p><span style=\"color: #800000;\"><em>Dans toutes formes de contacts indirect (mail ou Facebook) pensez \u00e0 <strong>expliquer succinctement<\/strong> votre cas. Je vous r\u00e9pondrai par mail et, si besoin, vous donnerai mon num\u00e9ro de t\u00e9l\u00e9phone personnel.<\/em><\/span><\/p>\n<p>&nbsp;<\/p>\n<p>&nbsp;<\/p>\n<p>&nbsp;<\/p>\n<p>&nbsp;<\/p>\n<p>&nbsp;<\/p>\n<p>&nbsp;<\/p>","protected":false},"excerpt":{"rendered":"<p>_______________________________________________________________________________ &nbsp; Travaux Psychiques sur lieux et personnes &nbsp; La demande de travaux psychiques pour aider des personnes auxquelles on a fait du mal \u00e0 distance, qui ont des entit\u00e9s sur elles ou qui vivent dans des maisons dites \u00ab\u00a0hant\u00e9es\u00a0\u00bb ou qui pr\u00e9sentent de tr\u00e8s mauvaises ondes psychiques, augmente d&rsquo;une mani\u00e8re exponentielle. Dans ce genre [&hellip;]<\/p>\n","protected":false},"author":2,"featured_media":0,"parent":0,"menu_order":5,"comment_status":"open","ping_status":"closed","template":"","meta":{"footnotes":""},"class_list":["post-64","page","type-page","status-publish","hentry"],"_links":{"self":[{"href":"https:\/\/www.theb4.fr\/frequence-soi\/wp-json\/wp\/v2\/pages\/64","targetHints":{"allow":["GET"]}}],"collection":[{"href":"https:\/\/www.theb4.fr\/frequence-soi\/wp-json\/wp\/v2\/pages"}],"about":[{"href":"https:\/\/www.theb4.fr\/frequence-soi\/wp-json\/wp\/v2\/types\/page"}],"author":[{"embeddable":true,"href":"https:\/\/www.theb4.fr\/frequence-soi\/wp-json\/wp\/v2\/users\/2"}],"replies":[{"embeddable":true,"href":"https:\/\/www.theb4.fr\/frequence-soi\/wp-json\/wp\/v2\/comments?post=64"}],"version-history":[{"count":21,"href":"https:\/\/www.theb4.fr\/frequence-soi\/wp-json\/wp\/v2\/pages\/64\/revisions"}],"predecessor-version":[{"id":1166,"href":"https:\/\/www.theb4.fr\/frequence-soi\/wp-json\/wp\/v2\/pages\/64\/revisions\/1166"}],"wp:attachment":[{"href":"https:\/\/www.theb4.fr\/frequence-soi\/wp-json\/wp\/v2\/media?parent=64"}],"curies":[{"name":"wp","href":"https:\/\/api.w.org\/{rel}","templated":true}]}}