{"id":79,"date":"2013-10-21T15:09:07","date_gmt":"2013-10-21T13:09:07","guid":{"rendered":"http:\/\/www.theb4.fr\/frequence-soi\/?page_id=79"},"modified":"2021-02-21T21:20:29","modified_gmt":"2021-02-21T19:20:29","slug":"consultations","status":"publish","type":"page","link":"https:\/\/www.theb4.fr\/frequence-soi\/consultations\/","title":{"rendered":"Consultations"},"content":{"rendered":"<h2>________________________________________________<\/h2>\n<p style=\"text-align: center;\"><span style=\"font-size: large;\"><strong><span style=\"font-family: georgia,palatino; color: #800000;\">Les autres sont le reflet de notre savoir<\/span><\/strong><\/span><\/p>\n<p><span style=\"font-family: georgia,palatino; color: #800000;\">\u00a0<\/span><\/p>\n<p><span style=\"font-size: xx-large; font-family: comic sans ms,sans-serif; color: #800000;\"><strong>M<\/strong><\/span><span style=\"color: #000000;\">on propos n&rsquo;est pas de devenir la\u00a0\u00ab\u00a0<i>Gouroute<\/i>\u00a0\u00bb de qui que ce soit, ni de prendre la place de votre propre Guidance Int\u00e9rieure (quel que soit le nom que vous donnez \u00e0 ces choses-l\u00e0.) Tous, tant que nous sommes, nous ressentons parfois le besoin de nous mettre devant un miroir et d&rsquo;essayer de comprendre ce que rec\u00e8le notre Int\u00e9rieur. Les initi\u00e9s pr\u00e9tendent g\u00e9n\u00e9ralement que :<\/span><\/p>\n<p><span style=\"font-size: large; color: #800080;\"><i><\/i><span style=\"font-size: medium;\"><strong><i>\u00ab\u00a0Toutes les r\u00e9ponses sont d\u00e9j\u00e0 en nous.\u00a0\u00bb<\/i><\/strong><\/span><br \/>\n<\/span><\/p>\n<p><span style=\"font-size: xx-large;\"><span style=\"color: #800000;\"><strong><span style=\"font-size: xx-large; font-family: comic sans ms,sans-serif;\">J<\/span><\/strong><\/span><span style=\"color: #000000;\"><span style=\"font-size: small;\">e le pense \u00e9galement. T<\/span><\/span><\/span><span style=\"color: #000000;\">outefois, tandis que nous sommes occup\u00e9s \u00e0 nous questionner ou que la vie semble nous mettre la pression afin que nous r\u00e9pondions \u00e0 ses \u00e9ventuelles attentes, nous avons parfois du mal \u00e0 jouer les deux r\u00f4les \u00e0 la fois, \u00e0 savoir le r\u00f4le de celui qui questionne et le r\u00f4le de celui qui, conscient de ses richesses intimes, tente de r\u00e9pondre \u00e0 ses propres questionnements.<\/span><\/p>\n<p><span style=\"color: #000000;\">Il y a un monde entre, d&rsquo;une part, se faire aider et assister, de mani\u00e8re raisonnable et ponctuelle ou en cas d&rsquo;urgence, et d&rsquo;autre part, d\u00e9pendre enti\u00e8rement d&rsquo;une tierce personne. C&rsquo;est dans ce premier sens, uniquement, que je con\u00e7ois ma d\u00e9marche personnelle. Mon r\u00f4le n&rsquo;est pas, et ne sera jamais, de r\u00e9pondre pour vous et \u00e0 votre place, aux attentes de la Grande Vie, en ce qui vous concerne. Mon r\u00f4le se r\u00e9sume \u00e0 vous orienter, \u00e0 vous placer face au Chemin qui a toujours \u00e9t\u00e9 le v\u00f4tre, jusqu\u2019\u00e0 pr\u00e9sent.<\/span><\/p>\n<p><span style=\"font-size: xx-large; color: #800000; font-family: comic sans ms,sans-serif;\"><strong>J<\/strong><\/span><span style=\"color: #000000;\">e ne vais pas vous indiquer d\u2019autres cheminements qui pourraient <em>me sembler<\/em> plus judicieux, car je n\u2019ai pas \u00e0 le faire. Votre Route est d\u00e9j\u00e0 trac\u00e9e et j\u2019ai la chance de la percevoir lorsque je me trouve en votre pr\u00e9sence, voil\u00e0 tout. Une fois que vous voyez de nouveau votre but \u00e0 atteindre et le chemin qu\u2019il vous faut prendre pour y parvenir, il vous reste alors \u00e0 cheminer, \u00e0 votre propre allure, <span style=\"color: #800080;\"><em>avec vos propres jambes et selon la vision toute particuli\u00e8re qui est la v\u00f4tre. <\/em><\/span>Lorsque vous \u00eates de nouveau en marche, je ne tiens pas \u00e0 m&rsquo;\u00e9terniser ni \u00e0 jouer ce r\u00f4le aussi ingrat qu&rsquo;inappropri\u00e9, de \u00ab\u00a0<i>Guide spirituel<\/i>.\u00a0\u00bb<\/span><\/p>\n<p><span style=\"color: #000000;\">Si Guides il y a, ils doivent d\u00e9j\u00e0 exister et n\u2019attendre que votre bon vouloir pour \u0153uvrer de concert avec vous. Votre seul Ma\u00eetre est int\u00e9rieur et n\u2019attend lui aussi qu\u2019un \u00ab\u00a0<i>Geste Mental<\/i>\u00a0\u00bb (<em>la bonne attitude ou tournure d&rsquo;esprit<\/em>) pour vous prendre sous son aile et vous conduire \u00e0 bon port. Mais ce Ma\u00eetre-l\u00e0 n&rsquo;est autre que vous, en fin de compte. En quoi consistent ces <a href=\"http:\/\/www.theb4.fr\/frequence-soi\/consultations\/\" class=\"autolink\">consultations<\/a>\u00a0? C\u2019est tr\u00e8s simple\u00a0:<\/span><\/p>\n<ul>\n<li><span style=\"color: #0000ff;\"><strong><span style=\"font-size: large;\">S<\/span><\/strong>oit vous arrivez avec un sujet qui vous pr\u00e9occupe et pour lequel vous ne voyez aucune issue,<\/span><\/li>\n<li><span style=\"color: #0000ff;\"><span style=\"font-size: large;\"><strong>S<\/strong><\/span>oit vous arrivez avec, pour toute demande, que l\u2019on vous aide \u00e0 <i>vous remettre sur les rails<\/i>.<\/span><\/li>\n<\/ul>\n<p><span style=\"font-size: xx-large; color: #800000; font-family: comic sans ms,sans-serif;\"><strong>D<\/strong><\/span><span style=\"color: #000000;\">\u00e8s lors, mon travail consiste \u00e0 vous aider \u00e0 y voir un peu plus clair et, si cela se justifie, je pratique sur vous un certain travail qui vous aide \u00e0 rester, par la suite, dans cet \u00e9tat de <em>lucidit\u00e9<\/em>. Il est difficile d\u2019expliquer comment se passe une consultation car mille personnes ont mille fa\u00e7ons diff\u00e9rentes d\u2019aborder une seule et m\u00eame v\u00e9rit\u00e9. Disons que je sais m\u2019adapter \u00e0 toutes les fr\u00e9quences ou <em>\u00ab\u00a0signatures vibratoires\u00a0\u00bb<\/em> (vos vibrations personnelles) et trouver, pour chacun, le mode op\u00e9ratoire qui lui convient le mieux.<\/span><\/p>\n<p><span style=\"color: #000000;\">L\u00e0 encore, je ne vous conseille pas \u00ab\u00a0<em>selon moi<\/em>\u00a0\u00bb, c\u2019est-\u00e0-dire selon ma fa\u00e7on de consid\u00e9rer votre souci, mais<\/span> <span style=\"color: #0000ff; font-size: small;\"><strong><em>SELON VOUS<\/em><\/strong><\/span>, <span style=\"color: #000000;\">c\u2019est-\u00e0-dire en me mettant \u00e0 votre place et en vous indiquant ce que vous feriez vous-m\u00eames, si vous pouviez y voir plus clair dans votre probl\u00e9matique du moment.<\/span><\/p>\n<p><span style=\"font-size: xx-large; color: #800000; font-family: comic sans ms,sans-serif;\"><strong>C<\/strong><\/span><span style=\"color: #000000;\">e n\u2019est plus une \u00ab\u00a0<em><a href=\"http:\/\/www.theb4.fr\/frequence-soi\/lecture-dame\/\" class=\"autolink\">Lecture<\/a> d\u2019\u00e2me<\/em>\u00a0\u00bb, c\u2019est plut\u00f4t un contact que j\u2019\u00e9tablis entre votre \u00e2me et votre Soi, ceci afin de comparer ce que le plus haut niveau de votre \u00eatre attend de vous, et<\/span> <span style=\"color: #000000;\"><strong><em>ce que votre \u00e2me vous permet ou vous autorise \u00e0 r\u00e9aliser vraiment. <\/em><\/strong>En effet, il arrive assez souvent que les gens soient un peu excessifs et attendent d\u2019eux-m\u00eames plus qu\u2019ils ne pourraient s&rsquo;offrir. Et quelquefois, c\u2019est l\u2019inverse. <\/span><\/p>\n<p><span style=\"color: #000000;\">Certains se sous-estiment et ignorent presque tout de leurs v\u00e9ritables capacit\u00e9s. C\u2019est alors \u00e0 moi de les leur montrer et de leur indiquer les boutons sur lesquels il leur faudra appuyer pour d\u00e9marrer une machine qui n&rsquo;a encore jamais servi. Lorsque j\u2019en aurai le temps, je placerai, dans les articles de ce blog, un exemple concret (et r\u00e9el) de<\/span> <span style=\"color: #800080;\"><span style=\"color: #993300;\"><em>Consultation<\/em><\/span>.<\/span><\/p>\n<p><span style=\"color: #ff0000;\"><span style=\"text-decoration: underline;\"><strong>Nota<\/strong><\/span> :<\/span> <span style=\"color: #0000ff;\">D\u00e9sormais, les <a href=\"http:\/\/www.theb4.fr\/frequence-soi\/consultations\/\" class=\"autolink\">consultations<\/a> en cabinet de <a href=\"http:\/\/www.theb4.fr\/frequence-soi\/soins-a-distance\/\" class=\"autolink\">soins<\/a> s&rsquo;effectuent <span style=\"text-decoration: underline;\">en bin\u00f4me avec mon mari<\/span>, <strong><em><a href=\"http:\/\/www.theb4.fr\/vivre-livres\/\" class=\"autolink\">Serge Baccino<\/a><\/em><\/strong> qui s&rsquo;occupe lui de la partie psychologique tandis que je me concentre plus sp\u00e9cifiquement sur la partie \u00e9nerg\u00e9tique, c&rsquo;est-\u00e0-dire sur le soin en lui-m\u00eame et la \u00ab\u00a0<a href=\"http:\/\/www.theb4.fr\/frequence-soi\/lecture-dame\/\" class=\"autolink\">lecture<\/a> d&rsquo;\u00e2me\u00a0\u00bb qui s&rsquo;effectue en m\u00eame temps.<\/span><\/p>\n<p><span style=\"font-size: medium;\"><strong>\u00a0<span style=\"text-decoration: underline;\"><span style=\"color: #800000; text-decoration: underline;\">Tarif<\/span><\/span><span style=\"text-decoration: underline;\"><span style=\"color: #800000; text-decoration: underline;\"> unique<\/span><\/span><\/strong> :<br \/>\n<\/span><\/p>\n<p><span style=\"text-decoration: underline;\"><span style=\"font-size: medium; color: #800000; background-color: #ffffff;\"><strong>Consultation<\/strong><\/span><\/span> : (<strong>Compter <\/strong><span style=\"color: #000000;\"><strong>une heure environ) <\/strong>:<\/span> <span style=\"font-size: large; color: #800000; background-color: #ffffff;\"><strong><span style=\"font-size: x-large;\">100<\/span> <span style=\"font-size: medium;\">euros.<\/span><\/strong><\/span><br \/>\n<b><\/b><\/p>\n<p>Me contacter directement : <a href=\"mailto:beretti.laetitia@icloud.com\">beretti.laetitia@icloud.com<\/a><\/p>\n<p style=\"text-align: center;\"><span style=\"font-size: x-large; color: #800000;\"><strong>*******<\/strong><\/span><\/p>\n<p style=\"text-align: center;\">","protected":false},"excerpt":{"rendered":"<p>________________________________________________ Les autres sont le reflet de notre savoir \u00a0 Mon propos n&rsquo;est pas de devenir la\u00a0\u00ab\u00a0Gouroute\u00a0\u00bb de qui que ce soit, ni de prendre la place de votre propre Guidance Int\u00e9rieure (quel que soit le nom que vous donnez \u00e0 ces choses-l\u00e0.) Tous, tant que nous sommes, nous ressentons parfois le besoin de nous [&hellip;]<\/p>\n","protected":false},"author":2,"featured_media":0,"parent":0,"menu_order":4,"comment_status":"open","ping_status":"closed","template":"","meta":{"footnotes":""},"class_list":["post-79","page","type-page","status-publish","hentry"],"_links":{"self":[{"href":"https:\/\/www.theb4.fr\/frequence-soi\/wp-json\/wp\/v2\/pages\/79","targetHints":{"allow":["GET"]}}],"collection":[{"href":"https:\/\/www.theb4.fr\/frequence-soi\/wp-json\/wp\/v2\/pages"}],"about":[{"href":"https:\/\/www.theb4.fr\/frequence-soi\/wp-json\/wp\/v2\/types\/page"}],"author":[{"embeddable":true,"href":"https:\/\/www.theb4.fr\/frequence-soi\/wp-json\/wp\/v2\/users\/2"}],"replies":[{"embeddable":true,"href":"https:\/\/www.theb4.fr\/frequence-soi\/wp-json\/wp\/v2\/comments?post=79"}],"version-history":[{"count":22,"href":"https:\/\/www.theb4.fr\/frequence-soi\/wp-json\/wp\/v2\/pages\/79\/revisions"}],"predecessor-version":[{"id":1161,"href":"https:\/\/www.theb4.fr\/frequence-soi\/wp-json\/wp\/v2\/pages\/79\/revisions\/1161"}],"wp:attachment":[{"href":"https:\/\/www.theb4.fr\/frequence-soi\/wp-json\/wp\/v2\/media?parent=79"}],"curies":[{"name":"wp","href":"https:\/\/api.w.org\/{rel}","templated":true}]}}