{"id":819,"date":"2018-12-30T02:51:25","date_gmt":"2018-12-30T01:51:25","guid":{"rendered":"http:\/\/www.theb4.fr\/novae-atlantis\/?page_id=819"},"modified":"2019-08-22T14:30:52","modified_gmt":"2019-08-22T13:30:52","slug":"contact","status":"publish","type":"page","link":"https:\/\/www.theb4.fr\/novae-atlantis\/contact\/","title":{"rendered":"Contact"},"content":{"rendered":"<p><span style=\"font-size: 14pt;\"><strong>Pour nous contacter<\/strong> :<\/span><\/p>\n<p><strong>Adresse mail<\/strong> : novae.atlantis@gmail.com<\/p>\n<p><strong>Depuis nos pages Facebook<\/strong> :<\/p>\n<p><strong>Serge Baccino<\/strong> : <a href=\"https:\/\/www.facebook.com\/serge.baccino\">https:\/\/www.facebook.com\/serge.baccino <\/a><\/p>\n<p><strong>Karen Romani<\/strong> : <a href=\"https:\/\/www.facebook.com\/karen.romani.5\">https:\/\/www.facebook.com\/karen.romani.5 <\/a><\/p>\n<p><strong>L\u00e6titia Beretti<\/strong> : <a href=\"https:\/\/www.facebook.com\/laetitia.beretti.9\">https:\/\/www.facebook.com\/laetitia.beretti.9 <\/a><\/p>\n<p><span style=\"color: #ff0000;\"><strong>Nota<\/strong> : <em>Les nouvelles inscriptions, les commentaires, etc., ont \u00e9t\u00e9 supprim\u00e9s \u00e0 cause de probl\u00e8mes relatifs aux spams, aux mailings sauvages, etc.<\/em><\/span><\/p>\n<p>&nbsp;<\/p>\n<p>&nbsp;<\/p>\n","protected":false},"excerpt":{"rendered":"<p>Pour nous contacter : Adresse mail : novae.atlantis@gmail.com Depuis nos pages Facebook : Serge Baccino : https:\/\/www.facebook.com\/serge.baccino Karen Romani : https:\/\/www.facebook.com\/karen.romani.5 L\u00e6titia Beretti : https:\/\/www.facebook.com\/laetitia.beretti.9 Nota : Les nouvelles inscriptions, les commentaires, etc., ont \u00e9t\u00e9 supprim\u00e9s \u00e0 cause de probl\u00e8mes relatifs aux spams, aux mailings sauvages, etc. &nbsp; &nbsp;<\/p>\n","protected":false},"author":1,"featured_media":0,"parent":0,"menu_order":3,"comment_status":"closed","ping_status":"closed","template":"","meta":{"footnotes":""},"class_list":["post-819","page","type-page","status-publish","hentry"],"_links":{"self":[{"href":"https:\/\/www.theb4.fr\/novae-atlantis\/wp-json\/wp\/v2\/pages\/819","targetHints":{"allow":["GET"]}}],"collection":[{"href":"https:\/\/www.theb4.fr\/novae-atlantis\/wp-json\/wp\/v2\/pages"}],"about":[{"href":"https:\/\/www.theb4.fr\/novae-atlantis\/wp-json\/wp\/v2\/types\/page"}],"author":[{"embeddable":true,"href":"https:\/\/www.theb4.fr\/novae-atlantis\/wp-json\/wp\/v2\/users\/1"}],"replies":[{"embeddable":true,"href":"https:\/\/www.theb4.fr\/novae-atlantis\/wp-json\/wp\/v2\/comments?post=819"}],"version-history":[{"count":4,"href":"https:\/\/www.theb4.fr\/novae-atlantis\/wp-json\/wp\/v2\/pages\/819\/revisions"}],"predecessor-version":[{"id":840,"href":"https:\/\/www.theb4.fr\/novae-atlantis\/wp-json\/wp\/v2\/pages\/819\/revisions\/840"}],"wp:attachment":[{"href":"https:\/\/www.theb4.fr\/novae-atlantis\/wp-json\/wp\/v2\/media?parent=819"}],"curies":[{"name":"wp","href":"https:\/\/api.w.org\/{rel}","templated":true}]}}