{"id":1721,"date":"2013-07-17T10:55:56","date_gmt":"2013-07-17T09:55:56","guid":{"rendered":"http:\/\/www.theb4.fr\/vivre-livres\/?page_id=1721"},"modified":"2020-03-06T16:10:57","modified_gmt":"2020-03-06T14:10:57","slug":"contact","status":"publish","type":"page","link":"https:\/\/www.theb4.fr\/vivre-livres\/contact\/","title":{"rendered":"Contact"},"content":{"rendered":"<p><span style=\"color: #800000;\"><strong><span style=\"font-size: xx-large;\">S<\/span><\/strong>i vous d\u00e9sirez me contacter, que ce soit au sujet de <a href=\"https:\/\/www.amazon.fr\/Serge-Baccino\/e\/B00C0O8CL8\">mes livres<\/a>, de mes articles, des soins que je donne avec ma femme (Magn\u00e9tisme, Bio\u00e9nerg\u00e9tique) ou pour obtenir des cours payants par correspondance (65 euros\/mois sur trois ans) ou pour toute autre raison, merci de vous servir de liens de contact situ\u00e9s en bas de cette page.\u00a0<\/span><\/p>\n<p>&nbsp;<\/p>\n<p><span style=\"color: #800000;\"><span style=\"font-size: xx-large;\"><strong>J<\/strong><\/span>e suis et demeure ouvert \u00e0 toute id\u00e9e de partenariat, de publicit\u00e9 alternative (vous parlez de mon blog et moi du votre), d&rsquo;\u00e9changes d&rsquo;articles ou <em>\u00ab\u00a0articles invit\u00e9s\u00a0\u00bb<\/em> (vous placez des articles sur mon blog et moi, sur le votre) etc.\u00a0Si vous avez d&rsquo;autres id\u00e9es qui peuvent \u00eatre profitables pour les deux parties (vous et moi), n&rsquo;h\u00e9sitez pas \u00e0 me le faire savoir. <\/span><span style=\"color: #800000;\">Dans la mesure de mon emploi du temps, <em>il sera r\u00e9pondu \u00e0 tous les contacts. <\/em><strong>Du moins \u00e0 ceux que je jugerai s\u00e9rieux et convenables !<\/strong><\/span><\/p>\n<p>&nbsp;<\/p>\n<p><span style=\"color: #800000;\">Bien \u00e0 vous.<\/span><\/p>\n<p>&nbsp;<\/p>\n<h1><span style=\"color: #0000ff; font-size: 14pt;\">Pour me contacter :<\/span><\/h1>\n<p><strong>Page Facebook<\/strong> : <a href=\"https:\/\/www.facebook.com\/serge.baccino\">https:\/\/www.facebook.com\/serge.baccino <\/a><\/p>\n<p><span style=\"text-decoration: underline;\"><strong>Contact direct<\/strong><\/span> : <a href=\"mailto:serge.baccino@icloud.com\">serge.baccino@icloud.com<\/a><\/p>\n<p><span style=\"color: #800080;\"><span style=\"text-decoration: underline;\"><strong>Nota<\/strong> <\/span>: Pour des raisons de s\u00e9curit\u00e9, les fonctions \u00ab\u00a0<em>nouvelles inscriptions<\/em>\u00a0\u00bb et\u00a0 \u00ab\u00a0<em>commentaires<\/em>\u00ab\u00a0, ont \u00e9t\u00e9 retir\u00e9s de ce site. Trop de spam.<br \/>\n<\/span><\/p>\n<p><span style=\"color: #800080;\">Merci de votre compr\u00e9hension !<\/span><\/p>\n<p>&nbsp;<\/p>\n<p>&nbsp;<\/p>\n<p>&nbsp;<\/p>\n","protected":false},"excerpt":{"rendered":"<p>Si vous d\u00e9sirez me contacter, que ce soit au sujet de mes livres, de mes articles, des soins que je donne avec ma femme (Magn\u00e9tisme, Bio\u00e9nerg\u00e9tique) ou pour obtenir des cours payants par correspondance (65 euros\/mois sur trois ans) ou pour toute autre raison, merci de vous servir de liens de contact situ\u00e9s en bas &hellip; <a href=\"https:\/\/www.theb4.fr\/vivre-livres\/contact\/\" class=\"more-link\">Continuer la lecture de <span class=\"screen-reader-text\">Contact<\/span>  <span class=\"meta-nav\">&rarr;<\/span><\/a><\/p>\n","protected":false},"author":1,"featured_media":0,"parent":0,"menu_order":6,"comment_status":"open","ping_status":"open","template":"","meta":{"footnotes":""},"class_list":["post-1721","page","type-page","status-publish","hentry"],"_links":{"self":[{"href":"https:\/\/www.theb4.fr\/vivre-livres\/wp-json\/wp\/v2\/pages\/1721","targetHints":{"allow":["GET"]}}],"collection":[{"href":"https:\/\/www.theb4.fr\/vivre-livres\/wp-json\/wp\/v2\/pages"}],"about":[{"href":"https:\/\/www.theb4.fr\/vivre-livres\/wp-json\/wp\/v2\/types\/page"}],"author":[{"embeddable":true,"href":"https:\/\/www.theb4.fr\/vivre-livres\/wp-json\/wp\/v2\/users\/1"}],"replies":[{"embeddable":true,"href":"https:\/\/www.theb4.fr\/vivre-livres\/wp-json\/wp\/v2\/comments?post=1721"}],"version-history":[{"count":0,"href":"https:\/\/www.theb4.fr\/vivre-livres\/wp-json\/wp\/v2\/pages\/1721\/revisions"}],"wp:attachment":[{"href":"https:\/\/www.theb4.fr\/vivre-livres\/wp-json\/wp\/v2\/media?parent=1721"}],"curies":[{"name":"wp","href":"https:\/\/api.w.org\/{rel}","templated":true}]}}