{"id":18,"date":"2013-03-19T01:14:04","date_gmt":"2013-03-19T00:14:04","guid":{"rendered":"http:\/\/b4.hol.es\/sites\/vivre-livres\/?page_id=18"},"modified":"2023-08-21T18:08:06","modified_gmt":"2023-08-21T16:08:06","slug":"mes-livres","status":"publish","type":"page","link":"https:\/\/www.theb4.fr\/vivre-livres\/","title":{"rendered":"Mes Livres"},"content":{"rendered":"<p><span style=\"font-size: xx-large;\"><strong><img loading=\"lazy\" decoding=\"async\" class=\"alignleft size-full wp-image-983\" src=\"http:\/\/www.theb4.fr\/vivre-livres\/wp-content\/uploads\/2013\/06\/Serge-FB-New.png\" alt=\"Serge-FB-New\" width=\"221\" height=\"206\" \/>C<\/strong><\/span>ette page vous permet de cliquer sur les vignettes de mes livres afin que vous soyez redirig\u00e9 vers l&rsquo;article qui vous pr\u00e9sentera toutes les informations \u00e0 son sujet. Vous pourrez trouver ces <em>e-books<\/em> \u00e9dit\u00e9s au format kindle sur Amazon, ou sur d&rsquo;autres plateformes de vente. Ceux qui aimeraient pouvoir lire mes ouvrages au format <em>kindle<\/em> mais qui ne poss\u00e8deraient pas encore cet outil magnifique, pourront toujours t\u00e9l\u00e9charger le petit soft qui permet de <a title=\"kindle pour PC !\" href=\"http:\/\/www.amazon.com\/gp\/kindle\/pc\/download?forced=1\" target=\"_blank\" rel=\"noopener noreferrer\">lire le format kindle sur PC<\/a> ou m\u00eame pour <a title=\"kindle pour Mac 0SX !\" href=\"http:\/\/www.amazon.com\/gp\/kindle\/mac\/download\/\" target=\"_blank\" rel=\"noopener noreferrer\">lire le format kindle sur Mac OSX.<\/a><\/p>\n<p>Attendu que l&rsquo;ensemble de mes ouvrages sont actuellement en cours d&rsquo;\u00e9dition, <em>n&rsquo;h\u00e9sitez pas \u00e0 passer revisiter cette page r\u00e9guli\u00e8rement, afin de pouvoir suivre mon actualit\u00e9.<\/em><\/p>\n<p>Bonne lecture et merci pour toutes vos prochaines visites !<\/p>\n<p>&nbsp;<\/p>\n<h2><span style=\"font-size: x-large;\"><span style=\"text-decoration: underline;\"><span style=\"color: #993300; text-decoration: underline;\">Mes ouvrages d\u00e9j\u00e0 disponibles<\/span><\/span>\u00a0<\/span><\/h2>\n<p>&nbsp;<\/p>\n<p>&nbsp;<\/p>\n<p><a title=\"Aller sur la page de l'article\" href=\"http:\/\/www.theb4.fr\/vivre-livres\/la-nouvelle-initiation\/\" target=\"_blank\" rel=\"noopener noreferrer\"><img loading=\"lazy\" decoding=\"async\" class=\" wp-image-60 alignleft\" src=\"http:\/\/www.theb4.fr\/vivre-livres\/wp-content\/uploads\/2013\/03\/lni-cover-mini.jpg\" alt=\"lni-cover-mini\" width=\"106\" height=\"150\" \/><\/a> \u00ab\u00a0<a title=\"lire la suite\" href=\"http:\/\/www.theb4.fr\/vivre-livres\/la-nouvelle-initiation\/\" target=\"_blank\" rel=\"noopener noreferrer\"><strong>La Nouvelle Initiation<\/strong><\/a>\u00a0\u00bb <span style=\"font-size: 18pt;\"><strong>E<\/strong><\/span>st un livre un peu technique qui s&rsquo;adresse \u00e0 ceux qui aimeraient pouvoir se passer de tout appuie ext\u00e9rieur pour r\u00e9ussir \u00e0 s&rsquo;initier eux-m\u00eames. Et \u00e0 ce titre, il est indispensable qu&rsquo;il leur soit offert de pr\u00e9cieux outils leur permettant de travailler seuls et sur eux-m\u00eames. Cet essai explique, en termes clairs et d&rsquo;une mani\u00e8re a\u00e9r\u00e9e et concise, tout ce qu&rsquo;une personne doit savoir si elle d\u00e9sire vraiment se r\u00e9former et se lib\u00e9rer de la plupart de ses conditionnements mentaux.<\/p>\n<p>Inutile de s&rsquo;ajouter quoique ce soit de \u00ab\u00a0<em>plus<\/em>\u00a0\u00bb quand il est seulement question de lib\u00e9rer et d&rsquo;all\u00e9ger son esprit ! Cet ouvrage est disponible sur Amazon, au format kindle.<\/p>\n<p><strong>Son prix :<\/strong>\u00a0<b>7,71 <\/b> euros TTC. (cliquez sur l&rsquo;image pour \u00eatre redirig\u00e9 vers l&rsquo;article consacr\u00e9 \u00e0 cet ouvrage sur <em>Amazon.)\u00a0<\/em><\/p>\n<p><em><span style=\"text-decoration: underline;\"><strong>\u00c9tat<\/strong><\/span> : <\/em><span style=\"color: #008000;\"><strong>Disponible \u00e0 la vente depuis fin Mars 2013 <span style=\"color: #000000;\"> &#8211;\u00a0 <\/span><span style=\"color: #993300;\">N&rsquo;h\u00e9sitez pas \u00e0 laisser un commentaire sur <a title=\"Ma page d'auteur sur Amazon\" href=\"http:\/\/www.amazon.fr\/-\/e\/B00C0O8CL8\" target=\"_blank\" rel=\"noopener noreferrer\">ma page d&rsquo;auteur !<\/a><\/span><\/strong><em><br \/>\n<\/em><\/span><\/p>\n<p><span style=\"color: #800080;\"><strong>Pour lire le format \u00ab\u00a0kindle\u00a0\u00bb sur votre PC<\/strong> <\/span>:<br \/>\n<a href=\"http:\/\/www.amazon.fr\/gp\/feature.html\/?ie=UTF8&amp;camp=1642&amp;creative=19458&amp;docId=1000539813&amp;linkCode=ur2&amp;tag=vivrlivr-21\" target=\"_blank\" rel=\"noopener noreferrer\">Kindle pour PC<\/a><img loading=\"lazy\" decoding=\"async\" style=\"border: none !important; margin: 0px !important;\" src=\"https:\/\/www.assoc-amazon.fr\/e\/ir?t=vivrlivr-21&amp;l=ur2&amp;o=8\" alt=\"\" width=\"1\" height=\"1\" border=\"0\" \/><br \/>\n<a title=\"Aller lire l'article complet\" href=\"http:\/\/www.theb4.fr\/vivre-livres\/la-reponse-de-jesus-a-pilate\/\" target=\"_blank\" rel=\"noopener noreferrer\"><img loading=\"lazy\" decoding=\"async\" width=\"106\" height=\"150\" class=\" wp-image-74 alignleft\" src=\"http:\/\/www.theb4.fr\/vivre-livres\/wp-content\/uploads\/2013\/03\/cover-lrjp-mini.jpg\" alt=\"cover-lrjp-mini\" \/><\/a><strong><a title=\"Lire la suite\" href=\"http:\/\/www.theb4.fr\/vivre-livres\/la-reponse-de-jesus-a-pilate\/\" target=\"_blank\" rel=\"noopener noreferrer\">\u00ab\u00a0La R\u00e9ponse de J\u00e9sus \u00e0 Pilate\u00a0\u00bb<\/a> <span style=\"font-size: 18pt;\">D<\/span><\/strong>ans ce second essai, l&rsquo;auteur, soucieux de mettre \u00e0 la port\u00e9e du public des connaissances issues de la kabbale, de l&rsquo;herm\u00e9tisme, de l&rsquo;\u00e9sot\u00e9risme et de la psychologie des profondeurs, sujets parmi les plus complexes au monde, a mis au point une m\u00e9thode d&rsquo;enseignement simplifi\u00e9 qui permet de suivre, sans trop d&rsquo;efforts, le d\u00e9veloppement de sujets d&rsquo;ordinaire extr\u00eamement compliqu\u00e9s et pointus, autrefois r\u00e9serv\u00e9s \u00e0 de rares initi\u00e9s, \u00e9tudiant de tr\u00e8s longues ann\u00e9es dans des \u00e9coles sp\u00e9cialis\u00e9es.<br \/>\nAinsi, ce petit livre permet d&rsquo;avoir acc\u00e8s \u00e0 un large panel de lois et de principes qui r\u00e9gissent le fonctionnement de l&rsquo;esprit, apportant ainsi quelques pr\u00e9cieuses lumi\u00e8res suppl\u00e9mentaires et pratiques, sur certains aspects encore myst\u00e9rieux du comportement humain.<br \/>\nM\u00eame si ce n&rsquo;est pas l\u00e0 le sujet principal de l&rsquo;ouvrage, ceux qui se passionnent pour la d\u00e9sormais c\u00e9l\u00e8bre <em>Loi d&rsquo;Attraction<\/em>, y trouveront tr\u00e8s certainement de quoi alimenter leur curiosit\u00e9, surtout s&rsquo;ils cherchent \u00e0 comprendre <span style=\"color: #800080;\"><em>comment \u00e7a marche<\/em><\/span> et pourquoi \u00e7a ne peut que marcher !<br \/>\nDans ce livre, le second du genre, l&rsquo;auteur s&rsquo;adresse directement au lecteur et avec avec cette forme particuli\u00e8re d&rsquo;humour et cette d\u00e9contraction qui le caract\u00e9risent, essaye de lui d\u00e9montrer que l&rsquo;homme est plus puissant qu&rsquo;il ne le pense tout en \u00e9tant bien moins libre qu&rsquo;il ne le croit. Cet ouvrage est disponible sur Amazon, au format kindle.<\/p>\n<p><strong>Son prix :<\/strong>\u00a0<b>7,71 <\/b> euros TTC.<\/p>\n<p><em><span style=\"text-decoration: underline;\"><strong>\u00c9tat<\/strong><\/span><\/em> : <span style=\"color: #800080;\"><strong>En ligne et disponible \u00e0 la vente !<\/strong><span style=\"color: #800080;\"> <strong>N&rsquo;h\u00e9sitez pas \u00e0 laisser un commentaire sur <a title=\"Ma page d'auteur sur Amazon\" href=\"http:\/\/www.amazon.fr\/-\/e\/B00C0O8CL8\" target=\"_blank\" rel=\"noopener noreferrer\">ma page d&rsquo;auteur !<\/a><\/strong><\/span><\/span><br \/>\n<strong>Pour lire le format \u00ab\u00a0<em>kindle<\/em>\u00a0\u00bb sur votre PC<\/strong> :<br \/>\n<a href=\"http:\/\/www.amazon.fr\/gp\/feature.html\/?ie=UTF8&amp;camp=1642&amp;creative=19458&amp;docId=1000539813&amp;linkCode=ur2&amp;tag=vivrlivr-21\" target=\"_blank\" rel=\"noopener noreferrer\">Kindle pour PC<\/a><img loading=\"lazy\" decoding=\"async\" style=\"border: none !important; margin: 0px !important;\" src=\"https:\/\/www.assoc-amazon.fr\/e\/ir?t=vivrlivr-21&amp;l=ur2&amp;o=8\" alt=\"\" width=\"1\" height=\"1\" border=\"0\" \/><br \/>\n<a title=\"Lire la suite\" href=\"http:\/\/www.theb4.fr\/vivre-livres\/reporter-de-lau-dela\/\" target=\"_blank\" rel=\"noopener noreferrer\"><img loading=\"lazy\" decoding=\"async\" class=\"size-full wp-image-147 alignleft\" src=\"http:\/\/www.theb4.fr\/vivre-livres\/wp-content\/uploads\/2013\/03\/cover-report-mini.jpg\" alt=\"cover-report-mini\" width=\"106\" height=\"149\" \/><strong>\u00ab\u00a0Reporter de l&rsquo;Au-del\u00e0\u00a0\u00bb <\/strong><\/a><span style=\"font-size: 18pt;\"><strong>D<\/strong><\/span>ans ce premier roman qui est le premier d&rsquo;une trilogie (\u00e0 para\u00eetre) le but avou\u00e9 est toujours de transmettre un enseignement profond et de valeur transcris en un langage simple et a\u00e9r\u00e9 mais en y ajoutant le c\u00f4t\u00e9 \u00e9videmment plus ludique de l&rsquo;histoire romanc\u00e9e. Bien que les personnages de ce roman ne soient pas (tous) r\u00e9els, la partie purement \u00e9sot\u00e9rique ainsi que les lois et les principes qui y sont tr\u00e8s largement \u00e9voqu\u00e9s sont <em>r\u00e9els<\/em> et <em>exacts<\/em>. En cliquant sur l&rsquo;image de la couverture de ce roman, vous serez dirig\u00e9 vers la page de ce m\u00eame blog qui brosse une rapide pr\u00e9sentation de cet ouvrage.<\/p>\n<p><strong>Son prix :<\/strong>\u00a0<b>7,71 <\/b> euros TTC. (cliquez sur l&rsquo;image pour \u00eatre redirig\u00e9 vers l&rsquo;article consacr\u00e9 \u00e0 cet ouvrage sur <em>Amazon.)<br \/>\n<\/em><\/p>\n<p><em><strong>\u00c9tat<\/strong><\/em> : <strong>En ligne et disponible \u00e0 la vente !<\/strong> <strong>N&rsquo;h\u00e9sitez pas \u00e0 laisser un commentaire sur <a title=\"Ma page d'auteur sur Amazon\" href=\"http:\/\/www.amazon.fr\/-\/e\/B00C0O8CL8\" target=\"_blank\" rel=\"noopener noreferrer\">ma page d&rsquo;auteur !<\/a><\/strong><br \/>\n<span style=\"color: #800080;\"><strong>Pour lire le format \u00ab\u00a0kindle\u00a0\u00bb sur votre PC<\/strong><\/span> :<br \/>\n<a href=\"http:\/\/www.amazon.fr\/gp\/feature.html\/?ie=UTF8&amp;camp=1642&amp;creative=19458&amp;docId=1000539813&amp;linkCode=ur2&amp;tag=vivrlivr-21\" target=\"_blank\" rel=\"noopener noreferrer\">Kindle pour PC<\/a><img loading=\"lazy\" decoding=\"async\" style=\"border: none !important; margin: 0px !important;\" src=\"https:\/\/www.assoc-amazon.fr\/e\/ir?t=vivrlivr-21&amp;l=ur2&amp;o=8\" alt=\"\" width=\"1\" height=\"1\" border=\"0\" \/><br \/>\n<a title=\"Lire la suite\" href=\"http:\/\/www.theb4.fr\/vivre-livres\/le-nom-de-cain\/\" target=\"_blank\" rel=\"noopener noreferrer\"><img loading=\"lazy\" decoding=\"async\" class=\"alignleft size-full wp-image-326\" src=\"http:\/\/www.theb4.fr\/vivre-livres\/wp-content\/uploads\/2013\/03\/Lndc-mini.jpg\" alt=\"Lndc-mini\" width=\"106\" height=\"149\" \/><\/a><a title=\"Lire la suite\" href=\"http:\/\/www.theb4.fr\/vivre-livres\/le-nom-de-cain\/\" target=\"_blank\" rel=\"noopener noreferrer\"><strong>\u00ab\u00a0Le Nom de Ca\u00efn\u00a0\u00bb<\/strong><\/a>\u00a0 <span style=\"font-size: 18pt;\"><strong>L<\/strong><\/span>e Nom de Ca\u00efn n\u2019est pas un ouvrage \u00e9crit ou le r\u00e9cit d\u2019une aventure personnelle, mais correspond \u00e0 ce qu\u2019\u00e9crit l\u2019ensemble de l\u2019humanit\u00e9 dans son propre c\u0153ur et depuis des temps imm\u00e9moriaux. C\u2019est l\u2019intellect qui apprend \u00e0 faire taire les sentiments divins et qui, par la suite, se punit pour une faute qu\u2019il n\u2019a pas commise, au lieu de tendre la main \u00e0 un fr\u00e8re qui l\u2019attend, assis dans l\u2019ombre du mental.<\/p>\n<p><span style=\"font-size: medium; color: #800080;\"><strong>\u00c9tat : <\/strong><\/span><strong>En ligne et disponible \u00e0 la vente !<\/strong> <strong>N&rsquo;h\u00e9sitez pas \u00e0 laisser un commentaire sur <a title=\"Ma page d'auteur sur Amazon\" href=\"http:\/\/www.amazon.fr\/-\/e\/B00C0O8CL8\" target=\"_blank\" rel=\"noopener noreferrer\">ma page d&rsquo;auteur !<\/a><\/strong><br \/>\n<strong>Pour lire le format \u00ab\u00a0kindle\u00a0\u00bb sur votre PC<\/strong> :<br \/>\n<a href=\"http:\/\/www.amazon.fr\/gp\/feature.html\/?ie=UTF8&amp;camp=1642&amp;creative=19458&amp;docId=1000539813&amp;linkCode=ur2&amp;tag=vivrlivr-21\" target=\"_blank\" rel=\"noopener noreferrer\">Kindle pour PC<\/a><img loading=\"lazy\" decoding=\"async\" style=\"border: none !important; margin: 0px !important;\" src=\"https:\/\/www.assoc-amazon.fr\/e\/ir?t=vivrlivr-21&amp;l=ur2&amp;o=8\" alt=\"\" width=\"1\" height=\"1\" border=\"0\" \/><\/p>\n<p>&nbsp;<\/p>\n<p><em><span style=\"text-decoration: underline; font-size: 14pt; color: #0000ff;\"><strong>Vient de Para\u00eetre<\/strong><\/span><\/em> :<\/p>\n<p>&nbsp;<\/p>\n<p><a href=\"http:\/\/www.theb4.fr\/vivre-livres\/la-clairverance\/\" target=\"_blank\" rel=\"noopener noreferrer\"><img loading=\"lazy\" decoding=\"async\" class=\"alignleft wp-image-6524 size-full\" src=\"http:\/\/www.theb4.fr\/vivre-livres\/wp-content\/uploads\/2013\/03\/Clairverance.jpg\" alt=\"Clairverance\" width=\"120\" height=\"169\" \/><\/a><\/p>\n<p><strong>\u00ab\u00a0<span style=\"text-decoration: underline;\">La Clairv\u00e9rance<\/span>\u00a0\u00bb <span style=\"font-size: 18pt;\">L<\/span><\/strong>&lsquo;homme se pose tant de questions ! H\u00e9las, il ne se pose pas toujours les bonnes ! Mais quelles sont \u00ab\u00a0<em>les bonnes questions<\/em>\u00ab\u00a0, au juste ? Et l&rsquo;homme a-t-il vraiment envie de les conna\u00eetre ? Car si \u00ab\u00a0<em>bonnes questions<\/em>\u00a0\u00bb il y a, ces derni\u00e8res ne peuvent que concerner&#8230; l&rsquo;homme lui-m\u00eame ! A-t-il vraiment envie de conna\u00eetre les r\u00e9ponses \u00e0 ses propres interrogations \u00e0 son sujet ? Est-il heureux voire souhaitable que l&rsquo;homme acc\u00e8de \u00e0 ce niveau de compr\u00e9hension, \u00e0 cette prise de conscience de \u00ab\u00a0<em>Qui il est vraiment<\/em>\u00a0\u00bb ? C&rsquo;est \u00e0 cela et \u00e0 bien d&rsquo;autres questions, justement, que r\u00e9pond cet ouvrage. En cliquant sur l&rsquo;image de la couverture de ce roman, vous serez dirig\u00e9 vers la page de ce m\u00eame blog qui brosse une rapide pr\u00e9sentation de cet ouvrage. <span style=\"color: #ff00ff;\"><em>Cliquez sur l&rsquo;image de couverture du livre pour lire l&rsquo;article complet lui \u00e9tant consacr\u00e9 !<\/em><\/span><\/p>\n<p><strong>\u00c9tat :<\/strong> <span style=\"color: #0000ff;\">disponible \u00e0 la vente depuis le 29 Novembre 2014<\/span><\/p>\n<p><strong>Format<\/strong> : <em>Kindle<\/em>, sur Amazon, comme les quatre autres ouvrages, ci-dessus.<\/p>\n<p><strong>Nombre de pages :<\/strong> Environ 300<\/p>\n<p><strong>Son prix :<\/strong> 9,99 euros<\/p>\n<p>Pour me contacter directement : <a href=\"mailto:serge.baccino@icloud.com\">serge.baccino@icloud.com<\/a><\/p>\n<p>&#8212;<\/p>\n","protected":false},"excerpt":{"rendered":"<p>Cette page vous permet de cliquer sur les vignettes de mes livres afin que vous soyez redirig\u00e9 vers l&rsquo;article qui vous pr\u00e9sentera toutes les informations \u00e0 son sujet. Vous pourrez trouver ces e-books \u00e9dit\u00e9s au format kindle sur Amazon, ou sur d&rsquo;autres plateformes de vente. Ceux qui aimeraient pouvoir lire mes ouvrages au format kindle &hellip; <a href=\"https:\/\/www.theb4.fr\/vivre-livres\/\" class=\"more-link\">Continuer la lecture de <span class=\"screen-reader-text\">Mes Livres<\/span>  <span class=\"meta-nav\">&rarr;<\/span><\/a><\/p>\n","protected":false},"author":1,"featured_media":0,"parent":0,"menu_order":0,"comment_status":"closed","ping_status":"closed","template":"","meta":{"footnotes":""},"class_list":["post-18","page","type-page","status-publish","hentry"],"_links":{"self":[{"href":"https:\/\/www.theb4.fr\/vivre-livres\/wp-json\/wp\/v2\/pages\/18","targetHints":{"allow":["GET"]}}],"collection":[{"href":"https:\/\/www.theb4.fr\/vivre-livres\/wp-json\/wp\/v2\/pages"}],"about":[{"href":"https:\/\/www.theb4.fr\/vivre-livres\/wp-json\/wp\/v2\/types\/page"}],"author":[{"embeddable":true,"href":"https:\/\/www.theb4.fr\/vivre-livres\/wp-json\/wp\/v2\/users\/1"}],"replies":[{"embeddable":true,"href":"https:\/\/www.theb4.fr\/vivre-livres\/wp-json\/wp\/v2\/comments?post=18"}],"version-history":[{"count":0,"href":"https:\/\/www.theb4.fr\/vivre-livres\/wp-json\/wp\/v2\/pages\/18\/revisions"}],"wp:attachment":[{"href":"https:\/\/www.theb4.fr\/vivre-livres\/wp-json\/wp\/v2\/media?parent=18"}],"curies":[{"name":"wp","href":"https:\/\/api.w.org\/{rel}","templated":true}]}}