{"id":2730,"date":"2013-08-18T12:22:53","date_gmt":"2013-08-18T10:22:53","guid":{"rendered":"http:\/\/www.theb4.fr\/vivre-livres\/?page_id=2730"},"modified":"2020-03-06T15:56:27","modified_gmt":"2020-03-06T13:56:27","slug":"seminaire-et-ateliers","status":"publish","type":"page","link":"https:\/\/www.theb4.fr\/vivre-livres\/seminaire-et-ateliers\/","title":{"rendered":"S\u00e9minaires et Ateliers"},"content":{"rendered":"<p style=\"text-align: center;\">______________________________________________<\/p>\n<p style=\"text-align: center;\"><span style=\"font-size: 24pt; color: #0000ff;\"><strong>S\u00e9minaires <\/strong>:<\/span><\/p>\n<p style=\"text-align: center;\">______________________________________________<\/p>\n<p style=\"text-align: left;\"><span style=\"color: #ff00ff;\"><strong><span style=\"font-size: 18pt;\">\u00a0<\/span><\/strong><\/span><\/p>\n<p><span style=\"font-size: 24pt;\"><strong>N<\/strong><\/span>os s\u00e9minaires ne proposent qu&rsquo;une vingtaine de places au maximum.<br \/>\nEt comme \u00e0 chaque fois, ils sont litt\u00e9ralement pris d&rsquo;assaut par la centaine d&rsquo;\u00e9tudiants qui suivent nos cours. Nous tenons donc \u00e0 nous excuser par avance si en nous contactant, vous apprenez que nos s\u00e9minaires sont d\u00e9j\u00e0 tous complets un an \u00e0 l&rsquo;avance. Ce qui arrive assez souvent il est vrai.<\/p>\n<p>C&rsquo;est pour cette raison que nous tenions \u00e0 nous excuser aupr\u00e8s des personnes qui parfois, doivent attendre une ann\u00e9e voire plus, pour \u00eatre recontact\u00e9s et inscrits \u00e0 nos s\u00e9minaires.<\/p>\n<p>Merci de l&rsquo;int\u00e9r\u00eat que vous portez \u00e0 notre travail et pour votre attention.<\/p>\n<p>&nbsp;<\/p>\n<p style=\"text-align: center;\"><span style=\"text-decoration: underline;\"><span style=\"font-size: 14pt;\"><b>Renseignements, r\u00e9servations et inscriptions<\/b>\u00a0:<\/span><\/span><\/p>\n<p style=\"text-align: center;\"><strong>\u2192 Contact : <em>L\u00e6titia Beretti <\/em><\/strong><\/p>\n<p style=\"text-align: center;\">par le biais de son blog :\u00a0<a href=\"http:\/\/www.theb4.fr\/frequence-soi\">http:\/\/www.theb4.fr\/frequence-soi<\/a><\/p>\n<p>\u00a0\u00a0\u00a0\u00a0\u00a0\u00a0\u00a0\u00a0\u00a0\u00a0\u00a0\u00a0\u00a0\u00a0\u00a0 Ou de sa page Facebook : <a href=\"https:\/\/www.facebook.com\/laetitia.beretti.9\">https:\/\/www.facebook.com\/laetitia.beretti.9<\/a><\/p>\n<p><strong>Contact direct<\/strong> : <a href=\"mailto:beretti.laetitia@icloud.com\">beretti.laetitia@icloud.com<\/a><\/p>\n<h1 style=\"text-align: center;\"><\/h1>\n<p style=\"text-align: center;\">_______________________________________________<\/p>\n<p>&nbsp;<\/p>\n<p><span style=\"font-size: small;\"><strong><em><br \/>\n<\/em> <\/strong><\/span><\/p>\n","protected":false},"excerpt":{"rendered":"<p>______________________________________________ S\u00e9minaires : ______________________________________________ \u00a0 Nos s\u00e9minaires ne proposent qu&rsquo;une vingtaine de places au maximum. Et comme \u00e0 chaque fois, ils sont litt\u00e9ralement pris d&rsquo;assaut par la centaine d&rsquo;\u00e9tudiants qui suivent nos cours. Nous tenons donc \u00e0 nous excuser par avance si en nous contactant, vous apprenez que nos s\u00e9minaires sont d\u00e9j\u00e0 tous complets un &hellip; <a href=\"https:\/\/www.theb4.fr\/vivre-livres\/seminaire-et-ateliers\/\" class=\"more-link\">Continuer la lecture de <span class=\"screen-reader-text\">S\u00e9minaires et Ateliers<\/span>  <span class=\"meta-nav\">&rarr;<\/span><\/a><\/p>\n","protected":false},"author":1,"featured_media":0,"parent":0,"menu_order":3,"comment_status":"open","ping_status":"open","template":"","meta":{"footnotes":""},"class_list":["post-2730","page","type-page","status-publish","hentry"],"_links":{"self":[{"href":"https:\/\/www.theb4.fr\/vivre-livres\/wp-json\/wp\/v2\/pages\/2730","targetHints":{"allow":["GET"]}}],"collection":[{"href":"https:\/\/www.theb4.fr\/vivre-livres\/wp-json\/wp\/v2\/pages"}],"about":[{"href":"https:\/\/www.theb4.fr\/vivre-livres\/wp-json\/wp\/v2\/types\/page"}],"author":[{"embeddable":true,"href":"https:\/\/www.theb4.fr\/vivre-livres\/wp-json\/wp\/v2\/users\/1"}],"replies":[{"embeddable":true,"href":"https:\/\/www.theb4.fr\/vivre-livres\/wp-json\/wp\/v2\/comments?post=2730"}],"version-history":[{"count":0,"href":"https:\/\/www.theb4.fr\/vivre-livres\/wp-json\/wp\/v2\/pages\/2730\/revisions"}],"wp:attachment":[{"href":"https:\/\/www.theb4.fr\/vivre-livres\/wp-json\/wp\/v2\/media?parent=2730"}],"curies":[{"name":"wp","href":"https:\/\/api.w.org\/{rel}","templated":true}]}}