{"id":3730,"date":"2013-10-03T22:49:16","date_gmt":"2013-10-03T20:49:16","guid":{"rendered":"http:\/\/www.theb4.fr\/vivre-livres\/?page_id=3730"},"modified":"2020-03-06T15:53:24","modified_gmt":"2020-03-06T13:53:24","slug":"les-cours","status":"publish","type":"page","link":"https:\/\/www.theb4.fr\/vivre-livres\/les-cours\/","title":{"rendered":"Les Cours"},"content":{"rendered":"<h1><b>Les Cours par Correspondance<\/b><\/h1>\n<p>&nbsp;<\/p>\n<p>&nbsp;<\/p>\n<p><span style=\"font-size: xx-large;\"><b>V<\/b><\/span>ous adorez la psychologie et vous aimeriez comprendre comment fonctionne l&rsquo;esprit, en termes simples, a\u00e9r\u00e9s et compr\u00e9hensibles par tous ?<\/p>\n<p><span style=\"font-size: medium;\">V<\/span>ous aimeriez r\u00e9ussir \u00e0 ma\u00eetriser vos pens\u00e9es et de fait, parvenir \u00e0 reprendre le dessus sur les \u00e9motions qui en d\u00e9coulent et qui vous pourrissent la vie ?<\/p>\n<p><span style=\"font-size: medium;\">V<\/span>ous avez le sentiment de ne rien comprendre \u00e0 ce qui vous arrive, d&rsquo;\u00eatre le jouet de myst\u00e9rieuses forces aveugles qui semblent vous avoir <em>pris en grippe<\/em> depuis votre naissance ou depuis quelques ann\u00e9es ?<\/p>\n<p><span style=\"font-size: medium;\">V<\/span>ous \u00eates passionn\u00e9s d&rsquo;\u00e9sot\u00e9risme, de spiritualit\u00e9 mais aimeriez aborder ces sujets par le biais impersonnel et sobre de connaissances d\u00e9pouill\u00e9es de toute tradition, de tout mysticisme, d&rsquo;interdits et de morale \u00e0 deux balles ?<\/p>\n<p><span style=\"font-size: xx-large;\"><strong>\u00a0S<\/strong><\/span>i l&rsquo;une quelconque de ces quatre propositions a retenu votre attention, alors vous pourriez bien \u00eatre int\u00e9ress\u00e9 par <b><i>les Cours de psychologie \u00e9sot\u00e9rique par correspondance !<\/i><\/b><\/p>\n<p>Ces Cours diff\u00e8rent grandement de tout ce que vous avez pu conna\u00eetre et apprendre auparavant. Cela, pour deux raisons aussi logiques qu&rsquo;\u00e9videntes.<\/p>\n<p>&nbsp;<\/p>\n<p><span style=\"font-size: x-large;\">1<\/span><b>.\u00a0\u00a0 <\/b><span style=\"font-size: xx-large;\"><b>L<\/b><\/span>a premi\u00e8re, parce que ces Cours sont nouveaux et inconnus en France, sauf par ceux qui les suivent d\u00e9j\u00e0, bien \u00e9videmment !<\/p>\n<p>&nbsp;<\/p>\n<p><span style=\"font-size: x-large;\">2<\/span><b>.\u00a0\u00a0 <\/b><span style=\"font-size: xx-large;\"><b>L<\/b><\/span>a seconde, parce que la Source des enseignements v\u00e9hicul\u00e9s par les Le\u00e7ons priv\u00e9es, est vieille de <b><i>plus de six mille ans<\/i><\/b> et provient de l&rsquo;une des Provinces de l&rsquo;Inde les moins connues, et n&rsquo;a jamais \u00e9t\u00e9 propos\u00e9e aux europ\u00e9ens, <em>et<\/em> <i>encore moins aux fran\u00e7ais<\/i>.<\/p>\n<p>&nbsp;<\/p>\n<p><img loading=\"lazy\" decoding=\"async\" class=\"alignleft wp-image-3600\" src=\"http:\/\/www.theb4.fr\/vivre-livres\/wp-content\/uploads\/2013\/09\/Cours-psy-eso-base-cover-300x169.png\" alt=\"Cours psy-eso-base-cover\" width=\"192\" height=\"108\" srcset=\"https:\/\/www.theb4.fr\/vivre-livres\/wp-content\/uploads\/2013\/09\/Cours-psy-eso-base-cover-300x169.png 300w, https:\/\/www.theb4.fr\/vivre-livres\/wp-content\/uploads\/2013\/09\/Cours-psy-eso-base-cover.png 534w\" sizes=\"auto, (max-width: 192px) 100vw, 192px\" \/><span style=\"font-size: xx-large;\"><strong>P<\/strong><\/span>ourquoi cet enseignement originel est-il inconnu en France, voire en Europe ? Parce que <em>certains<\/em> ont tout fait pour qu&rsquo;il en soit ainsi et ce, depuis des centaines d&rsquo;ann\u00e9es. Et je ne parle pas uniquement de ce que les \u00e9sot\u00e9ristes nomment parfois \u00ab\u00a0<i>les forces de l\u2019ombre<\/i>\u00a0\u00bb (ou <i>de l\u2019Adversit\u00e9.<\/i>)<\/p>\n<p>De quelle source originelle est-ce que je parle ici ? Du <i>Shiva\u00efsme du Cachemire<\/i>, mais dans sa branche dite <b><i>la\u00efque<\/i><\/b>, c&rsquo;est \u00e0 dire non religieuse ou yoguique et donc, sans gourous ni exercice de contorsions ou d&rsquo;acrobatie.<\/p>\n<p><span style=\"color: #993366;\"><b>Le Shiva\u00efsme du Cachemire<\/b><\/span> se fonde sur de tr\u00e8s anciens textes \u00e9crits en sanskrit, d&rsquo;environ six mille ans d\u2019\u00e2ge, et qui se nomment <span style=\"color: #993366;\"><b><i>les Shiva Sutra<\/i><\/b>.<\/span><\/p>\n<p><span style=\"font-size: medium;\">C<\/span>ertains diront : \u00ab\u00a0<i>Mais j&rsquo;ai d\u00e9j\u00e0 entendu parler de cette philosophie antique et du yoga qui l&rsquo;accompagne !\u00a0\u00bb<\/i><b> <\/b>(Le <i>Siddha Yoga<\/i>)<\/p>\n<p>&nbsp;<\/p>\n<p><img loading=\"lazy\" decoding=\"async\" class=\"alignleft wp-image-3601\" src=\"http:\/\/www.theb4.fr\/vivre-livres\/wp-content\/uploads\/2013\/09\/Couverture-Cours-psy-eso-300x268.png\" alt=\"Couverture Cours psy eso\" width=\"168\" height=\"150\" srcset=\"https:\/\/www.theb4.fr\/vivre-livres\/wp-content\/uploads\/2013\/09\/Couverture-Cours-psy-eso-300x268.png 300w, https:\/\/www.theb4.fr\/vivre-livres\/wp-content\/uploads\/2013\/09\/Couverture-Cours-psy-eso.png 511w\" sizes=\"auto, (max-width: 168px) 100vw, 168px\" \/><span style=\"font-size: xx-large;\"><strong>E<\/strong><\/span>n effet, certaines personnes instruites des choses de l&rsquo;esprit, ont entendu parler de la branche <span style=\"color: #0000ff;\"><b><span style=\"text-decoration: underline;\">traditionnelle<\/span><\/b><\/span> du <i>Shiva\u00efsme<\/i> du Cachemire (ou \u00ab\u00a0<i>Kashmir<\/i>\u00a0\u00bb) et des <i>Sutra<\/i> (\u00e9crits sacr\u00e9s) qui en sont la structure de base. Quelques-uns connaissent \u00e9galement <i>le Siddha yoga, <\/i>la branche <b><span style=\"text-decoration: underline;\">yoguique<\/span><\/b>, et d&rsquo;autres, plus rares, ont du m\u00eame le pratiquer, lire des ouvrages de <i>Swami Muktananda<\/i>, etc. Mais tout cela fait partie de <strong><em>la branche religieuse<\/em><\/strong> (des Swami) ou yoguique (<em>Siddha<\/em> et <em>Guru<\/em>) et non de <span style=\"color: #0000ff;\"><b><i><span style=\"text-decoration: underline;\">la branche La\u00efque<\/span><\/i><\/b><\/span>, qui existe toujours et dont tr\u00e8s peu de monde a entendu parler. Encore plus rares sont celles et ceux qui ont eu acc\u00e8s \u00e0 l&rsquo;enseignement particulier de <i>cette branche la\u00efque Shiva\u00efste.<\/i><\/p>\n<p>Ceux qui ont \u00e9tudi\u00e9 durant de nombreuses ann\u00e9es les enseignements de cette branche la\u00efque, sont bien plus <span style=\"color: #993300;\"><b><i>des psychologues<\/i><\/b><\/span> que de simples <span style=\"color: #0000ff;\">\u00e9sot\u00e9ristes.<\/span> Leur savoir englobe les secrets du fonctionnement de l&rsquo;esprit et la mise en pratique de certaines facult\u00e9s qui sont propres \u00e0 l&rsquo;\u00eatre humain mais qui demeurent, h\u00e9las, en sommeil chez la plupart des individus, leur vie durant.<\/p>\n<p>&nbsp;<\/p>\n<p><img loading=\"lazy\" decoding=\"async\" class=\"alignleft wp-image-3602\" src=\"http:\/\/www.theb4.fr\/vivre-livres\/wp-content\/uploads\/2013\/09\/Couverture-Premiere-Chambre-300x268.png\" alt=\"Couverture Premiere Chambre\" width=\"168\" height=\"150\" srcset=\"https:\/\/www.theb4.fr\/vivre-livres\/wp-content\/uploads\/2013\/09\/Couverture-Premiere-Chambre-300x268.png 300w, https:\/\/www.theb4.fr\/vivre-livres\/wp-content\/uploads\/2013\/09\/Couverture-Premiere-Chambre.png 511w\" sizes=\"auto, (max-width: 168px) 100vw, 168px\" \/><span style=\"font-size: xx-large;\"><strong>E<\/strong><\/span>n fait, les psychologues \u00e9sot\u00e9ristes (ou <i>psy \u00e9so<\/i>, pour faire plus court) sont un peu <span style=\"color: #ff6600;\"><em><strong>les mat\u00e9rialistes de l\u2019esprit<\/strong><\/em><\/span> et refusent de <span style=\"color: #800000;\"><strong><em>CROIRE<\/em><\/strong><\/span> alors qu\u2019il est possible d\u2019\u00e9tudier, de comprendre puis de SAVOIR. Ils pr\u00f4nent <em>un \u00e9sot\u00e9risme originel<\/em>, c&rsquo;est-\u00e0-dire <em><span style=\"color: #ff00ff;\">une connaissance ancienne mais toujours d\u2019actualit\u00e9<\/span><\/em>, qui se passe volontiers d\u2019interdits, des\u00a0<i>il faut<\/i> et autres <i>il ne faut pas.<\/i><\/p>\n<p><span style=\"font-size: medium;\">S<\/span>i vous \u00eates int\u00e9ress\u00e9 par ce que vous venez de lire, servez-vous de ce lien Facebook, et contactez-moi en message priv\u00e9.<\/p>\n<p><a href=\"https:\/\/www.facebook.com\/serge.baccino\">https:\/\/www.facebook.com\/serge.baccino<\/a><\/p>\n<p><span style=\"text-decoration: underline; color: #0000ff;\"><strong>Nota<\/strong><\/span> : <span style=\"color: #008000;\">Vous pouvez, si vous le souhaitez, en profiter pour demander et pour recevoir, un \u00e9chantillon gratuit de ces Cours (six Le\u00e7ons d&rsquo;essai gratuites.)<\/span><\/p>\n<p>Pour me contacter directement : <a href=\"mailto:serge.baccino@icloud.com\">serge.baccino@icloud.com<\/a><\/p>\n<p>Demeurant \u00e0 votre disposition pour de plus amples informations,<\/p>\n<p>Cordialement,<\/p>\n<p>&nbsp;<\/p>\n<p><span style=\"font-size: 14pt;\"><strong><em>Serge Baccino<\/em><\/strong><\/span><\/p>\n<p>&nbsp;<\/p>\n<p><a title=\" Site d\u00e9pos\u00e9 sur CopyrightFrance.com \" href=\"http:\/\/www.copyrightfrance.com\/phtml\/copyright.php\" target=\"_blank\" rel=\"noopener noreferrer\"><img decoding=\"async\" src=\"http:\/\/www.theb4.fr\/vivre-livres\/wp-content\/images\/logo13.gif\" alt=\" CopyrightFrance.com \" border=\"0\" \/><\/a><br \/>\nY compris pour les images de cette page qui sont ma propri\u00e9t\u00e9.<\/p>\n","protected":false},"excerpt":{"rendered":"<p>Les Cours par Correspondance &nbsp; &nbsp; Vous adorez la psychologie et vous aimeriez comprendre comment fonctionne l&rsquo;esprit, en termes simples, a\u00e9r\u00e9s et compr\u00e9hensibles par tous ? Vous aimeriez r\u00e9ussir \u00e0 ma\u00eetriser vos pens\u00e9es et de fait, parvenir \u00e0 reprendre le dessus sur les \u00e9motions qui en d\u00e9coulent et qui vous pourrissent la vie ? Vous &hellip; <a href=\"https:\/\/www.theb4.fr\/vivre-livres\/les-cours\/\" class=\"more-link\">Continuer la lecture de <span class=\"screen-reader-text\">Les Cours<\/span>  <span class=\"meta-nav\">&rarr;<\/span><\/a><\/p>\n","protected":false},"author":1,"featured_media":0,"parent":0,"menu_order":2,"comment_status":"open","ping_status":"open","template":"","meta":{"footnotes":""},"class_list":["post-3730","page","type-page","status-publish","hentry"],"_links":{"self":[{"href":"https:\/\/www.theb4.fr\/vivre-livres\/wp-json\/wp\/v2\/pages\/3730","targetHints":{"allow":["GET"]}}],"collection":[{"href":"https:\/\/www.theb4.fr\/vivre-livres\/wp-json\/wp\/v2\/pages"}],"about":[{"href":"https:\/\/www.theb4.fr\/vivre-livres\/wp-json\/wp\/v2\/types\/page"}],"author":[{"embeddable":true,"href":"https:\/\/www.theb4.fr\/vivre-livres\/wp-json\/wp\/v2\/users\/1"}],"replies":[{"embeddable":true,"href":"https:\/\/www.theb4.fr\/vivre-livres\/wp-json\/wp\/v2\/comments?post=3730"}],"version-history":[{"count":0,"href":"https:\/\/www.theb4.fr\/vivre-livres\/wp-json\/wp\/v2\/pages\/3730\/revisions"}],"wp:attachment":[{"href":"https:\/\/www.theb4.fr\/vivre-livres\/wp-json\/wp\/v2\/media?parent=3730"}],"curies":[{"name":"wp","href":"https:\/\/api.w.org\/{rel}","templated":true}]}}