{"id":6572,"date":"2015-02-14T03:28:02","date_gmt":"2015-02-14T01:28:02","guid":{"rendered":"http:\/\/www.theb4.fr\/vivre-livres\/?page_id=6572"},"modified":"2019-08-22T15:59:55","modified_gmt":"2019-08-22T13:59:55","slug":"musique","status":"publish","type":"page","link":"https:\/\/www.theb4.fr\/vivre-livres\/musique\/","title":{"rendered":"Musique"},"content":{"rendered":"<p><span style=\"color: #666699;\"><em><a href=\"http:\/\/www.theb4.fr\/vivre-livres\/wp-content\/uploads\/2015\/02\/yannickfieux2.png\"><img loading=\"lazy\" decoding=\"async\" class=\"alignleft size-medium wp-image-6647\" src=\"http:\/\/www.theb4.fr\/vivre-livres\/wp-content\/uploads\/2015\/02\/yannickfieux2-300x202.png\" alt=\"yannickfieux2\" width=\"300\" height=\"202\" srcset=\"https:\/\/www.theb4.fr\/vivre-livres\/wp-content\/uploads\/2015\/02\/yannickfieux2-300x202.png 300w, https:\/\/www.theb4.fr\/vivre-livres\/wp-content\/uploads\/2015\/02\/yannickfieux2-150x100.png 150w, https:\/\/www.theb4.fr\/vivre-livres\/wp-content\/uploads\/2015\/02\/yannickfieux2.png 450w\" sizes=\"auto, (max-width: 300px) 100vw, 300px\" \/><\/a>NOTE : Les musiques pr\u00e9sent\u00e9es sur cette page appartiennent \u00e0 et sont la propri\u00e9t\u00e9 exclusive de <strong>Yannick Fieux<\/strong>, le compositeur qui signe les musiques d&rsquo;accompagnement de nos vid\u00e9os, ainsi que des musiques de relaxation ou de m\u00e9ditation de nos s\u00e9minaires. Les musiques pr\u00e9sent\u00e9es sur cette page sont vendues par <strong>Yannick Fieux<\/strong> lui-m\u00eame. Nous ne touchons aucune r\u00e9mun\u00e9ration issue de la vente de ses compositions et aucun fond reli\u00e9 \u00e0 la musique ne transite par nos caisses. Seuls les t\u00e9l\u00e9chargements s&rsquo;effectuent sur nos pages.<br \/>\n<\/em><\/span><\/p>\n<p>Pour visiter la page professionnelle de <strong><em>Yannick<\/em><\/strong> : <a href=\"http:\/\/www.edelconcept.com\/\" target=\"_blank\" rel=\"noopener noreferrer\">http:\/\/www.edelconcept.com\/<\/a><\/p>\n<p><span style=\"color: #0000ff;\"><span style=\"text-decoration: underline;\"><span style=\"text-decoration: underline;\"><strong>Voici le premier album de Yannick Fieux<\/strong><\/span><\/span>:<\/span><\/p>\n<p><span class=\"_5yl5\" data-reactid=\".3a.$mid=11424030445409=2e92a14cba0e95e8439.2:0.0.0.0.0\"><span data-reactid=\".3a.$mid=11424030445409=2e92a14cba0e95e8439.2:0.0.0.0.0.0\"><span data-reactid=\".3a.$mid=11424030445409=2e92a14cba0e95e8439.2:0.0.0.0.0.0.$end:0:$20:0\"><span style=\"text-decoration: underline;\"><strong>Th\u00e9matique<\/strong><\/span> : Musiques harmonieuses pour diff\u00e9rents support tels que la relaxation, la m\u00e9ditation,les massages, la concentration, la cr\u00e9ation artistique, le bien \u00eatre,etc&#8230;<\/span><\/span><\/span><\/p>\n<p>&nbsp;<\/p>\n<p style=\"text-align: center;\"><span style=\"font-size: 18pt; color: #ff6600;\"><strong>\u00ab<\/strong><strong>\u00a0Lumi\u00e8res de L&rsquo;Au-Del\u00e0\u00a0\u00bb<\/strong><\/span><\/p>\n<p style=\"text-align: center;\"><img loading=\"lazy\" decoding=\"async\" class=\"alignleft size-full wp-image-7431\" src=\"http:\/\/www.theb4.fr\/vivre-livres\/wp-content\/uploads\/2018\/06\/Lumie\u0300res-Au-dela-600x600.png\" alt=\"\" width=\"600\" height=\"600\" \/><\/p>\n<p>\u00a0<span style=\"font-size: 24pt; color: #993366;\"><strong>A<\/strong><\/span>lbum de Relaxation\/m\u00e9ditation audio avec recherche de fr\u00e9quences d\u00e9di\u00e9es, utilisant principalement deux techniques compl\u00e9mentaires:<\/p>\n<p><span style=\"color: #993366;\"><strong>A) Les sons isochrones\u00a0:<\/strong><\/span><\/p>\n<p><em>\u00ab\u00a0Il a \u00e9t\u00e9 prouv\u00e9 scientifiquement que lorsque le cerveau est expos\u00e9 \u00e0 un stimuli rythmique, tel qu&rsquo;un rythme de percussions, ce rythme est reproduit dans le cerveau sous forme d&rsquo;impulsions \u00e9lectriques. Un rythme de percussion r\u00e9alis\u00e9 \u00e0 une certaine fr\u00e9quence peut d\u00e8s lors induire cette fr\u00e9quence dans le cerveau. Autrement dit : il est possible d&rsquo;induire certains \u00e9tats de conscience en int\u00e9grant \u00e0 une musique des battements d&rsquo;une certaine fr\u00e9quence, \u00e9tant entendu qu&rsquo;un \u00e9tat de conscience donn\u00e9 est li\u00e9 \u00e0 une vibration particuli\u00e8re, dont la fr\u00e9quence d&rsquo;oscillation est mesurable par EEG.\u00a0\u00bb<\/em><\/p>\n<p><span style=\"color: #993366;\"><strong>B) Les fr\u00e9quences naturelles \u00a0du diapason au La 432 Hz<\/strong><\/span><\/p>\n<p><span style=\"text-decoration: underline;\">Le but vis\u00e9\u00a0; l\u2019activit\u00e9 c\u00e9r\u00e9brale entre Alpha et Th\u00eata<\/span><span style=\"text-decoration: underline;\">.<\/span><\/p>\n<p>Dans notre cerveau, l\u2019activit\u00e9 neuronale est transmise par l\u2019influx nerveux. Cette activit\u00e9 \u00e9lectrique c\u00e9r\u00e9brale peut \u00eatre enregistr\u00e9e gr\u00e2ce \u00e0 l\u2019EEG (\u00e9lectroenc\u00e9phalogramme).\u00a0<em>Principe de l\u2019EEG\u00a0: des \u00e9lectrodes plac\u00e9es sur le cuir chevelu et reli\u00e9es \u00e0 l\u2019appareil, enregistrent les pulsations \u00e9lectriques qui sont traduites en forme d\u2019ondes sur un trac\u00e9. La fr\u00e9quence (nombres d\u2019ondulations par seconde mesur\u00e9e en Hertz (Hz)) est significative de l\u2019activit\u00e9 c\u00e9r\u00e9brale en cours.<\/em><\/p>\n<p><span style=\"color: #0000ff;\"><span style=\"text-decoration: underline;\">Classification des ondes c\u00e9r\u00e9brales<\/span>\u00a0:<\/span><\/p>\n<p><strong><em>_ B\u00eata<\/em><\/strong> (13 \u00e0 30 Hz) C&rsquo;est normalement lorsque vous \u00eates \u00e9veill\u00e9s, avec l&rsquo;attention \u00e0 votre maximum, qui traite avec le monde ext\u00e9rieur. Il est \u00e9galement g\u00e9n\u00e9r\u00e9 lorsque vous r\u00e9solvez des probl\u00e8mes, tels que des calculs mentaux . On parle aussi entre 35 \u00e0 80 Hz des fr\u00e9quences Gamma , qui sont li\u00e9es \u00e0 l&rsquo;activit\u00e9 intellectuelle intense, comme dans le processus cr\u00e9atif ou la r\u00e9solution de probl\u00e8mes logiques difficiles ou encore l&rsquo;excitation . Une bonne m\u00e9moire est associ\u00e9e \u00e0 une fr\u00e9quence de 40 Hz.<\/p>\n<p><strong><em>_<\/em><\/strong><strong><em>Alpha<\/em><\/strong> (8 \u00e0 13 Hz) Celui-ci est produit lorsque vous \u00eates r\u00e9veill\u00e9s et pleinement conscients, il produit un effet de relaxation, comme lorsque l&rsquo;on essaye de se rappeler quelque chose, ou lorsque les yeux sont ferm\u00e9s.<\/p>\n<p><strong><em>_<\/em><\/strong><strong><em>Th\u00eata<\/em><\/strong> (4 \u00e0 8 Hz) c&rsquo;est l&rsquo;intervalle entre le sommeil et l&rsquo;\u00e9veil, dans lequel r\u00eaves et hallucinations se produisent. Il se passe juste un peu avant de vous endormir le soir, ou juste avant que vous ne soyez vraiment r\u00e9veill\u00e9s le matin.<\/p>\n<p><strong><em>_ <\/em><\/strong><strong><em>Delta<\/em><\/strong> (O, 5 \u00e0 4 Hz) cette fr\u00e9quence est normalement g\u00e9n\u00e9r\u00e9e en sommeil profond, ou lorsque l&rsquo;on est inconscient.<\/p>\n<p>Tout l\u2019enjeu est d\u2019atteindre cet \u00e9tat de fonctionnement c\u00e9r\u00e9bral, que l\u2019on appelle EMC (\u00c9tat\u00a0 Modifi\u00e9 de Conscience.) L\u2019\u00e9tat de relaxation install\u00e9 dans cet \u00e9tat de conscience modifi\u00e9 est particuli\u00e8rement propice pour r\u00e9tablir l\u2019\u00e9quilibre dans notre syst\u00e8me nerveux central, enfin entre nos syst\u00e8mes nerveux centraux orthosympathique et parasympathique. L\u2019orthosympathique activateur est tr\u00e8s sollicit\u00e9 sous stress et ne laisse pas le temps au syst\u00e8me parasympathique de r\u00e9tablir l\u2019\u00e9quilibre. En revanche dans la relaxation le parasympathique peut id\u00e9alement r\u00e9tablir l\u2019\u00e9quilibre physiologique sur le plan nerveux. Synchroniser les fonctions cr\u00e9atives de notre cerveau et \u00a0ses fonctions analytiques : profiter de cet \u00e9quilibre enfin retrouv\u00e9. Dans notre culture et notre \u00e9ducation le cerveau gauche (analytique) \u00a0est tr\u00e8s stimul\u00e9, le travail de notre cerveau droit (cr\u00e9atif) est peu reconnu (sauf chez les grands artistes bien sur\u00a0!), il est cependant n\u00e9cessaire de savoir conserver l\u2019\u00e9quilibre entre ces deux fonctionnements compl\u00e9mentaires, de prendre conscience de notre potentiel c\u00e9r\u00e9bral d\u2019une fa\u00e7on plus globale et de nous ouvrir \u00e0 de nouvelles possibilit\u00e9s.<\/p>\n<p>Allonger le temps de fonctionnement c\u00e9r\u00e9bral sur les ondes Alpha, donne l\u2019opportunit\u00e9 de s\u2019\u00e9loigner des effets n\u00e9gatif du\u00a0<span style=\"text-decoration: underline;\"><a href=\"http:\/\/www.sophrologie-evolution.fr\/project\/le-stress-les-chiffres\/\">stress<\/a><\/span>, de retrouver l\u2019\u00e9quilibre physiologique et intellectuel. Les \u00e9tats de conscience modifi\u00e9s nous offrent un\u00a0<em>acc\u00e8s privil\u00e9gi\u00e9 \u00e0 notre inconscient<\/em><strong>\u00a0<\/strong>: nos programmations, nos valeurs, nos instincts, nos besoins nos fonctionnements\u2026 etc. Afin de prendre conscience et pouvoir\u00a0mieux comprendre et agir\u00a0en fonction de qui nous sommes et de\u00a0<em>ce qui est bon pour nous<\/em>.<\/p>\n<p><span style=\"color: #993366;\"><span style=\"text-decoration: underline;\"><strong>Sources<\/strong><\/span> :<\/span> <a title=\"Aller visiter cette page ?\" href=\"http:\/\/www.sophrologie-evolution.fr\/project\/les-ondes-cerebrales-les-etats-modifies-de-conscience\/\" target=\"_blank\" rel=\"noopener noreferrer\">http:\/\/www.sophrologie-evolution.fr\/project\/les-ondes-cerebrales-les-etats-modifies-de-conscience\/<\/a><\/p>\n<p>&nbsp;<\/p>\n<p><span style=\"color: #0000ff;\"><strong><em><span style=\"text-decoration: underline;\">Titres de l&rsquo;album :<\/span><\/em><\/strong><\/span><\/p>\n<p>&nbsp;<\/p>\n<p><span style=\"color: #993366;\"><strong>1) Le Papillon Blanc 10&rsquo;58<\/strong><\/span><\/p>\n<p>Musique pour la relaxation l\u00e9g\u00e8re avec des sons isochrones cadenc\u00e9s pour synchroniser les ondes c\u00e9r\u00e9brales \u00e0 8.7 Hz (ondes Alpha)<\/p>\n<p>Extrait :<\/p>\n<audio class=\"wp-audio-shortcode\" id=\"audio-6572-1\" preload=\"none\" style=\"width: 100%;\" controls=\"controls\"><source type=\"audio\/mpeg\" src=\"http:\/\/www.theb4.fr\/vivre-livres\/wp-content\/uploads\/2015\/02\/Le-Papillon-Blanc-iso-Extrait.mp3?_=1\" \/><a href=\"http:\/\/www.theb4.fr\/vivre-livres\/wp-content\/uploads\/2015\/02\/Le-Papillon-Blanc-iso-Extrait.mp3\">http:\/\/www.theb4.fr\/vivre-livres\/wp-content\/uploads\/2015\/02\/Le-Papillon-Blanc-iso-Extrait.mp3<\/a><\/audio>\n<p>&nbsp;<\/p>\n<p><span style=\"color: #993366;\"><strong>2) Le Praticien de Lumi\u00e8re 11&rsquo;32<\/strong><\/span><\/p>\n<p>Musique pour la relaxation \u00a0aux fr\u00e9quences naturelles du diapason 432 Hz, avec des sons isochrones cadenc\u00e9s pour synchroniser les ondes c\u00e9r\u00e9brales de 5 Hz vers 4 Hz au cours de la relaxation (Th\u00eata)<\/p>\n<p>Extrait :<\/p>\n<p>&nbsp;<\/p>\n<audio class=\"wp-audio-shortcode\" id=\"audio-6572-2\" preload=\"none\" style=\"width: 100%;\" controls=\"controls\"><source type=\"audio\/mpeg\" src=\"http:\/\/www.theb4.fr\/vivre-livres\/wp-content\/uploads\/2015\/02\/Le-Praticien-De-Lumi\u00e8re-Extrait.mp3?_=2\" \/><a href=\"http:\/\/www.theb4.fr\/vivre-livres\/wp-content\/uploads\/2015\/02\/Le-Praticien-De-Lumi\u00e8re-Extrait.mp3\">http:\/\/www.theb4.fr\/vivre-livres\/wp-content\/uploads\/2015\/02\/Le-Praticien-De-Lumi\u00e8re-Extrait.mp3<\/a><\/audio>\n<p><span style=\"color: #993366;\"><strong>3) La Rencontre 09&rsquo;35<\/strong><\/span><\/p>\n<p>Musique pour la relaxation profonde aux fr\u00e9quences naturelles du diapason 432 Hz, avec des sons isochrones cadenc\u00e9s pour synchroniser les ondes c\u00e9r\u00e9brales de 5 Hz vers 3.8 Hz au cours de la m\u00e9ditation (ondes Th\u00eata)<\/p>\n<p>Extrait :<\/p>\n<p>&nbsp;<\/p>\n<audio class=\"wp-audio-shortcode\" id=\"audio-6572-3\" preload=\"none\" style=\"width: 100%;\" controls=\"controls\"><source type=\"audio\/mpeg\" src=\"http:\/\/www.theb4.fr\/vivre-livres\/wp-content\/uploads\/2015\/02\/La-Rencontre-Extrait.mp3?_=3\" \/><a href=\"http:\/\/www.theb4.fr\/vivre-livres\/wp-content\/uploads\/2015\/02\/La-Rencontre-Extrait.mp3\">http:\/\/www.theb4.fr\/vivre-livres\/wp-content\/uploads\/2015\/02\/La-Rencontre-Extrait.mp3<\/a><\/audio>\n<p><span style=\"color: #993366;\"><strong>4) Nov\u00e6 Atlantis 06&rsquo;43<\/strong><\/span><\/p>\n<p>Musique pour la m\u00e9ditation profonde avec des sons isochrones cadenc\u00e9s pour synchroniser les ondes c\u00e9r\u00e9brales \u00e0 4 .3Hz (Th\u00eata)<\/p>\n<p>Extrait :<\/p>\n<p>&nbsp;<\/p>\n<audio class=\"wp-audio-shortcode\" id=\"audio-6572-4\" preload=\"none\" style=\"width: 100%;\" controls=\"controls\"><source type=\"audio\/mpeg\" src=\"http:\/\/www.theb4.fr\/vivre-livres\/wp-content\/uploads\/2015\/02\/Novae-Atlantis-Extrait.mp3?_=4\" \/><a href=\"http:\/\/www.theb4.fr\/vivre-livres\/wp-content\/uploads\/2015\/02\/Novae-Atlantis-Extrait.mp3\">http:\/\/www.theb4.fr\/vivre-livres\/wp-content\/uploads\/2015\/02\/Novae-Atlantis-Extrait.mp3<\/a><\/audio>\n<p><span style=\"color: #993366;\"><strong>5) Les Myst\u00e8res de L &lsquo;Incarnation 13&rsquo;00<\/strong><\/span><\/p>\n<p>Musique pour la m\u00e9ditation profonde avec des sons isochrones cadenc\u00e9s pour synchroniser les ondes c\u00e9r\u00e9brales \u00e0 4 .8Hz (Th\u00eata)<\/p>\n<p>Extrait :<\/p>\n<p><strong>\u00a0<\/strong><\/p>\n<audio class=\"wp-audio-shortcode\" id=\"audio-6572-5\" preload=\"none\" style=\"width: 100%;\" controls=\"controls\"><source type=\"audio\/mpeg\" src=\"http:\/\/www.theb4.fr\/vivre-livres\/wp-content\/uploads\/2015\/02\/Les-Myst\u00e8res-Incarnation-Extrait.mp3?_=5\" \/><a href=\"http:\/\/www.theb4.fr\/vivre-livres\/wp-content\/uploads\/2015\/02\/Les-Myst\u00e8res-Incarnation-Extrait.mp3\">http:\/\/www.theb4.fr\/vivre-livres\/wp-content\/uploads\/2015\/02\/Les-Myst\u00e8res-Incarnation-Extrait.mp3<\/a><\/audio>\n<p><span style=\"color: #993366;\"><strong>6) La Respiration de la Terre 13&rsquo;56<\/strong><\/span><\/p>\n<p>Musique pour la m\u00e9ditation aux fr\u00e9quences naturelles du diapason 432 Hz, avec des sons isochrones cadenc\u00e9s pour synchroniser les ondes c\u00e9r\u00e9brales de 7.8 Hz (r\u00e9sonance de SCHUMANN) vers 5 Hz au cours de la relaxation (Th\u00eata)<\/p>\n<p>Extrait :<\/p>\n<audio class=\"wp-audio-shortcode\" id=\"audio-6572-6\" preload=\"none\" style=\"width: 100%;\" controls=\"controls\"><source type=\"audio\/mpeg\" src=\"http:\/\/www.theb4.fr\/vivre-livres\/wp-content\/uploads\/2015\/02\/La-Respiration-De-La-Terre-Extrait.mp3?_=6\" \/><a href=\"http:\/\/www.theb4.fr\/vivre-livres\/wp-content\/uploads\/2015\/02\/La-Respiration-De-La-Terre-Extrait.mp3\">http:\/\/www.theb4.fr\/vivre-livres\/wp-content\/uploads\/2015\/02\/La-Respiration-De-La-Terre-Extrait.mp3<\/a><\/audio>\n<p>&nbsp;<\/p>\n<p><span class=\"_5yl5\" data-reactid=\".3a.$mid=11424030445409=2e92a14cba0e95e8439.2:0.0.0.0.0\"><span data-reactid=\".3a.$mid=11424030445409=2e92a14cba0e95e8439.2:0.0.0.0.0.0\"><span data-reactid=\".3a.$mid=11424030445409=2e92a14cba0e95e8439.2:0.0.0.0.0.0.$end:0:$32:0\"><span style=\"color: #008000;\"><span style=\"text-decoration: underline;\">Version CD<\/span> (disponible fin Mars )<\/span><strong><span style=\"color: #008000;\"> :<\/span> <span style=\"color: #800080;\">16,00 \u20ac<\/span> <\/strong><span style=\"color: #008000;\">port inclus (France m\u00e9tropolitain)<\/span> <\/span><\/span><\/span><\/p>\n<p><span class=\"_5yl5\" style=\"color: #008000;\" data-reactid=\".3a.$mid=11424030445409=2e92a14cba0e95e8439.2:0.0.0.0.0\"><span data-reactid=\".3a.$mid=11424030445409=2e92a14cba0e95e8439.2:0.0.0.0.0.0\"><span data-reactid=\".3a.$mid=11424030445409=2e92a14cba0e95e8439.2:0.0.0.0.0.0.$end:0:$36:0\"><span style=\"text-decoration: underline;\">Version num\u00e9rique<\/span> : <\/span><\/span><\/span><span class=\"_5yl5\" data-reactid=\".3a.$mid=11424030445409=2e92a14cba0e95e8439.2:0.0.0.0.0\"><span data-reactid=\".3a.$mid=11424030445409=2e92a14cba0e95e8439.2:0.0.0.0.0.0\"><span data-reactid=\".3a.$mid=11424030445409=2e92a14cba0e95e8439.2:0.0.0.0.0.0.$end:0:$38:0\"><span style=\"color: #008000;\">Un titre :<\/span><\/span><\/span><\/span><strong><span class=\"_5yl5\" data-reactid=\".3a.$mid=11424030445409=2e92a14cba0e95e8439.2:0.0.0.0.0\"><span data-reactid=\".3a.$mid=11424030445409=2e92a14cba0e95e8439.2:0.0.0.0.0.0\"><span data-reactid=\".3a.$mid=11424030445409=2e92a14cba0e95e8439.2:0.0.0.0.0.0.$end:0:$38:0\"> <span style=\"color: #0000ff;\">1,90 \u20ac &#8211; <\/span><\/span><\/span><\/span><\/strong><span class=\"_5yl5\" data-reactid=\".3a.$mid=11424030445409=2e92a14cba0e95e8439.2:0.0.0.0.0\"><span data-reactid=\".3a.$mid=11424030445409=2e92a14cba0e95e8439.2:0.0.0.0.0.0\"><span data-reactid=\".3a.$mid=11424030445409=2e92a14cba0e95e8439.2:0.0.0.0.0.0.$end:0:$40:0\"><span style=\"color: #008000;\"><span style=\"text-decoration: underline;\">L&rsquo;album complet<\/span> :<\/span> <strong><span style=\"color: #0000ff;\">9.90 \u20ac<\/span><\/strong><\/span><\/span><\/span><\/p>\n<p>&nbsp;<\/p>\n<p><span style=\"color: #993300;\"><span style=\"text-decoration: underline;\">Mentions l\u00e9gales<\/span> :<\/span> <span style=\"color: #0000ff;\">Attention<\/span><em><span style=\"color: #0000ff;\"> :<\/span> <span style=\"color: #ff0000;\">L&rsquo;\u00e9coute de ce disque est d\u00e9conseill\u00e9e au volant d&rsquo;une voiture ! M\u00e9diter ou conduire, il faut choisir !<br \/>\n<\/span><\/em><\/p>\n<p>&nbsp;<\/p>\n<p>&#8211;<\/p>\n<p>&nbsp;<\/p>\n","protected":false},"excerpt":{"rendered":"<p>NOTE : Les musiques pr\u00e9sent\u00e9es sur cette page appartiennent \u00e0 et sont la propri\u00e9t\u00e9 exclusive de Yannick Fieux, le compositeur qui signe les musiques d&rsquo;accompagnement de nos vid\u00e9os, ainsi que des musiques de relaxation ou de m\u00e9ditation de nos s\u00e9minaires. Les musiques pr\u00e9sent\u00e9es sur cette page sont vendues par Yannick Fieux lui-m\u00eame. Nous ne touchons &hellip; <a href=\"https:\/\/www.theb4.fr\/vivre-livres\/musique\/\" class=\"more-link\">Continuer la lecture de <span class=\"screen-reader-text\">Musique<\/span>  <span class=\"meta-nav\">&rarr;<\/span><\/a><\/p>\n","protected":false},"author":1,"featured_media":0,"parent":0,"menu_order":5,"comment_status":"open","ping_status":"open","template":"","meta":{"footnotes":""},"class_list":["post-6572","page","type-page","status-publish","hentry"],"_links":{"self":[{"href":"https:\/\/www.theb4.fr\/vivre-livres\/wp-json\/wp\/v2\/pages\/6572","targetHints":{"allow":["GET"]}}],"collection":[{"href":"https:\/\/www.theb4.fr\/vivre-livres\/wp-json\/wp\/v2\/pages"}],"about":[{"href":"https:\/\/www.theb4.fr\/vivre-livres\/wp-json\/wp\/v2\/types\/page"}],"author":[{"embeddable":true,"href":"https:\/\/www.theb4.fr\/vivre-livres\/wp-json\/wp\/v2\/users\/1"}],"replies":[{"embeddable":true,"href":"https:\/\/www.theb4.fr\/vivre-livres\/wp-json\/wp\/v2\/comments?post=6572"}],"version-history":[{"count":0,"href":"https:\/\/www.theb4.fr\/vivre-livres\/wp-json\/wp\/v2\/pages\/6572\/revisions"}],"wp:attachment":[{"href":"https:\/\/www.theb4.fr\/vivre-livres\/wp-json\/wp\/v2\/media?parent=6572"}],"curies":[{"name":"wp","href":"https:\/\/api.w.org\/{rel}","templated":true}]}}